{"id":33627,"date":"2021-09-22T13:14:15","date_gmt":"2021-09-22T11:14:15","guid":{"rendered":"https:\/\/happyhopfields.eu\/shop\/"},"modified":"2021-10-05T18:23:18","modified_gmt":"2021-10-05T16:23:18","slug":"shop","status":"publish","type":"page","link":"https:\/\/happyhopfields.eu\/de\/shop\/","title":{"rendered":"Gesch\u00e4ft"},"content":{"rendered":"<h2>Dlaczego warto wybra\u0107 nasz chmiel?<\/h2>\n<p>Czysty chmiel to szcze\u0328s\u0301liwy chmiel. Ros\u0301nie, czule piele\u0328gnowany pod okiem dos\u0301wiadczonych naukowc\u00f3w i chmielarzy.<\/p>\n<p>Ma idealne warunki, aby dojrzewac\u0301 w spokoju, szcze\u0328s\u0301ciu i s\u0142on\u0301cu Lubelszczyzny:<\/p>\n<ul>\n<li>czysta gleba,<\/li>\n<li>s\u0142upy pozbawione toksyn i szkodliwych substancji,<\/li>\n<li>podlewanie \u201cna z\u0307yczenie\u201d<\/li>\n<li><strong>z\u0307adnych pestycyd\u00f3w<\/strong>.<\/li>\n<\/ul>\n<p>Doskonale znamy kaz\u0307da\u0328 z naszych sadzonek, w kaz\u0307dej chwili moz\u0307emy obserwowac\u0301 &#8220;z bocianich gniazd&#8221; rozstawionych na chmielowych polach, jak sobie radza\u0328 nasze ros\u0301liny. Dbamy o ich dobrostan takz\u0307e w trakcie zbior\u00f3w, a potem przechowywania.<\/p>\n<p>Wiemy, jakie warunki sa\u0328 najodpowiedniejsze dla chmielowych szyszek, aby ich szcze\u0328s\u0301cie nie ulotni\u0142o sie\u0328 za szybko. To waz\u0307ne, bo zalez\u0307y nam, aby dotar\u0142y do Was pe\u0142ne dobroczynnych sk\u0142adnik\u00f3w i najlepszych w\u0142as\u0301ciwos\u0301ci.<\/p>\n<p>Jestes\u0301my spokojni o ich najwyz\u0307sza\u0328, certyfikowana\u0328 jakos\u0301c\u0301 i naukowo potwierdzone sk\u0142adniki. Teraz z przyjemnos\u0301cia\u0328 dzielimy sie\u0328 z Toba\u0328 szcze\u0328s\u0301ciem naszego chmielu.<\/p>\n","protected":false},"excerpt":{"rendered":"<p>Dlaczego warto wybra\u0107 nasz chmiel? Czysty chmiel to szcze\u0328s\u0301liwy chmiel. Ros\u0301nie, czule piele\u0328gnowany pod okiem dos\u0301wiadczonych naukowc\u00f3w i chmielarzy. Ma<\/p>\n","protected":false},"author":1,"featured_media":0,"parent":0,"menu_order":0,"comment_status":"closed","ping_status":"closed","template":"","meta":{"footnotes":""},"class_list":["post-33627","page","type-page","status-publish","hentry"],"yoast_head":"<!-- This site is optimized with the Yoast SEO plugin v19.9 - https:\/\/yoast.com\/wordpress\/plugins\/seo\/ -->\n<title>Gesch\u00e4ft - Happy Hopfields<\/title>\n<meta name=\"robots\" content=\"index, follow, max-snippet:-1, max-image-preview:large, max-video-preview:-1\" \/>\n<link rel=\"canonical\" href=\"https:\/\/happyhopfields.eu\/de\/shop\/\" \/>\n<meta property=\"og:locale\" content=\"de_DE\" \/>\n<meta property=\"og:type\" content=\"article\" \/>\n<meta property=\"og:title\" content=\"Gesch\u00e4ft - Happy Hopfields\" \/>\n<meta property=\"og:description\" content=\"Dlaczego warto wybra\u0107 nasz chmiel? Czysty chmiel to szcze\u0328s\u0301liwy chmiel. Ros\u0301nie, czule piele\u0328gnowany pod okiem dos\u0301wiadczonych naukowc\u00f3w i chmielarzy. Ma\" \/>\n<meta property=\"og:url\" content=\"https:\/\/happyhopfields.eu\/de\/shop\/\" \/>\n<meta property=\"og:site_name\" content=\"Happy Hopfields\" \/>\n<meta property=\"article:modified_time\" content=\"2021-10-05T16:23:18+00:00\" \/>\n<meta name=\"twitter:card\" content=\"summary_large_image\" \/>\n<meta name=\"twitter:label1\" content=\"Gesch\u00e4tzte Lesezeit\" \/>\n\t<meta name=\"twitter:data1\" content=\"1\u00a0Minute\" \/>\n<script type=\"application\/ld+json\" class=\"yoast-schema-graph\">{\"@context\":\"https:\/\/schema.org\",\"@graph\":[{\"@type\":\"WebPage\",\"@id\":\"https:\/\/happyhopfields.eu\/de\/shop\/\",\"url\":\"https:\/\/happyhopfields.eu\/de\/shop\/\",\"name\":\"Gesch\u00e4ft - Happy Hopfields\",\"isPartOf\":{\"@id\":\"https:\/\/happyhopfields.eu\/de\/#website\"},\"datePublished\":\"2021-09-22T11:14:15+00:00\",\"dateModified\":\"2021-10-05T16:23:18+00:00\",\"breadcrumb\":{\"@id\":\"https:\/\/happyhopfields.eu\/de\/shop\/#breadcrumb\"},\"inLanguage\":\"de\",\"potentialAction\":[{\"@type\":\"ReadAction\",\"target\":[\"https:\/\/happyhopfields.eu\/de\/shop\/\"]}]},{\"@type\":\"BreadcrumbList\",\"@id\":\"https:\/\/happyhopfields.eu\/de\/shop\/#breadcrumb\",\"itemListElement\":[{\"@type\":\"ListItem\",\"position\":1,\"name\":\"Strona g\u0142\u00f3wna\",\"item\":\"https:\/\/happyhopfields.eu\/de\/\"},{\"@type\":\"ListItem\",\"position\":2,\"name\":\"Gesch\u00e4ft\"}]},{\"@type\":\"WebSite\",\"@id\":\"https:\/\/happyhopfields.eu\/de\/#website\",\"url\":\"https:\/\/happyhopfields.eu\/de\/\",\"name\":\"Happy Hopfields\",\"description\":\"Moc natury z chmielu\",\"publisher\":{\"@id\":\"https:\/\/happyhopfields.eu\/de\/#organization\"},\"potentialAction\":[{\"@type\":\"SearchAction\",\"target\":{\"@type\":\"EntryPoint\",\"urlTemplate\":\"https:\/\/happyhopfields.eu\/de\/?s={search_term_string}\"},\"query-input\":\"required name=search_term_string\"}],\"inLanguage\":\"de\"},{\"@type\":\"Organization\",\"@id\":\"https:\/\/happyhopfields.eu\/de\/#organization\",\"name\":\"Happyhopfields\",\"url\":\"https:\/\/happyhopfields.eu\/de\/\",\"logo\":{\"@type\":\"ImageObject\",\"inLanguage\":\"de\",\"@id\":\"https:\/\/happyhopfields.eu\/de\/#\/schema\/logo\/image\/\",\"url\":\"https:\/\/happyhopfields.eu\/wp-content\/uploads\/2021\/09\/logo-podpis-small-grey.png\",\"contentUrl\":\"https:\/\/happyhopfields.eu\/wp-content\/uploads\/2021\/09\/logo-podpis-small-grey.png\",\"width\":400,\"height\":128,\"caption\":\"Happyhopfields\"},\"image\":{\"@id\":\"https:\/\/happyhopfields.eu\/de\/#\/schema\/logo\/image\/\"}}]}<\/script>\n<!-- \/ Yoast SEO plugin. -->","yoast_head_json":{"title":"Gesch\u00e4ft - Happy Hopfields","robots":{"index":"index","follow":"follow","max-snippet":"max-snippet:-1","max-image-preview":"max-image-preview:large","max-video-preview":"max-video-preview:-1"},"canonical":"https:\/\/happyhopfields.eu\/de\/shop\/","og_locale":"de_DE","og_type":"article","og_title":"Gesch\u00e4ft - Happy Hopfields","og_description":"Dlaczego warto wybra\u0107 nasz chmiel? Czysty chmiel to szcze\u0328s\u0301liwy chmiel. Ros\u0301nie, czule piele\u0328gnowany pod okiem dos\u0301wiadczonych naukowc\u00f3w i chmielarzy. Ma","og_url":"https:\/\/happyhopfields.eu\/de\/shop\/","og_site_name":"Happy Hopfields","article_modified_time":"2021-10-05T16:23:18+00:00","twitter_card":"summary_large_image","twitter_misc":{"Gesch\u00e4tzte Lesezeit":"1\u00a0Minute"},"schema":{"@context":"https:\/\/schema.org","@graph":[{"@type":"WebPage","@id":"https:\/\/happyhopfields.eu\/de\/shop\/","url":"https:\/\/happyhopfields.eu\/de\/shop\/","name":"Gesch\u00e4ft - Happy Hopfields","isPartOf":{"@id":"https:\/\/happyhopfields.eu\/de\/#website"},"datePublished":"2021-09-22T11:14:15+00:00","dateModified":"2021-10-05T16:23:18+00:00","breadcrumb":{"@id":"https:\/\/happyhopfields.eu\/de\/shop\/#breadcrumb"},"inLanguage":"de","potentialAction":[{"@type":"ReadAction","target":["https:\/\/happyhopfields.eu\/de\/shop\/"]}]},{"@type":"BreadcrumbList","@id":"https:\/\/happyhopfields.eu\/de\/shop\/#breadcrumb","itemListElement":[{"@type":"ListItem","position":1,"name":"Strona g\u0142\u00f3wna","item":"https:\/\/happyhopfields.eu\/de\/"},{"@type":"ListItem","position":2,"name":"Gesch\u00e4ft"}]},{"@type":"WebSite","@id":"https:\/\/happyhopfields.eu\/de\/#website","url":"https:\/\/happyhopfields.eu\/de\/","name":"Happy Hopfields","description":"Moc natury z chmielu","publisher":{"@id":"https:\/\/happyhopfields.eu\/de\/#organization"},"potentialAction":[{"@type":"SearchAction","target":{"@type":"EntryPoint","urlTemplate":"https:\/\/happyhopfields.eu\/de\/?s={search_term_string}"},"query-input":"required name=search_term_string"}],"inLanguage":"de"},{"@type":"Organization","@id":"https:\/\/happyhopfields.eu\/de\/#organization","name":"Happyhopfields","url":"https:\/\/happyhopfields.eu\/de\/","logo":{"@type":"ImageObject","inLanguage":"de","@id":"https:\/\/happyhopfields.eu\/de\/#\/schema\/logo\/image\/","url":"https:\/\/happyhopfields.eu\/wp-content\/uploads\/2021\/09\/logo-podpis-small-grey.png","contentUrl":"https:\/\/happyhopfields.eu\/wp-content\/uploads\/2021\/09\/logo-podpis-small-grey.png","width":400,"height":128,"caption":"Happyhopfields"},"image":{"@id":"https:\/\/happyhopfields.eu\/de\/#\/schema\/logo\/image\/"}}]}},"_links":{"self":[{"href":"https:\/\/happyhopfields.eu\/de\/wp-json\/wp\/v2\/pages\/33627","targetHints":{"allow":["GET"]}}],"collection":[{"href":"https:\/\/happyhopfields.eu\/de\/wp-json\/wp\/v2\/pages"}],"about":[{"href":"https:\/\/happyhopfields.eu\/de\/wp-json\/wp\/v2\/types\/page"}],"author":[{"embeddable":true,"href":"https:\/\/happyhopfields.eu\/de\/wp-json\/wp\/v2\/users\/1"}],"replies":[{"embeddable":true,"href":"https:\/\/happyhopfields.eu\/de\/wp-json\/wp\/v2\/comments?post=33627"}],"version-history":[{"count":1,"href":"https:\/\/happyhopfields.eu\/de\/wp-json\/wp\/v2\/pages\/33627\/revisions"}],"predecessor-version":[{"id":34286,"href":"https:\/\/happyhopfields.eu\/de\/wp-json\/wp\/v2\/pages\/33627\/revisions\/34286"}],"wp:attachment":[{"href":"https:\/\/happyhopfields.eu\/de\/wp-json\/wp\/v2\/media?parent=33627"}],"curies":[{"name":"wp","href":"https:\/\/api.w.org\/{rel}","templated":true}]}}