{"id":33881,"date":"2021-09-23T12:39:50","date_gmt":"2021-09-23T10:39:50","guid":{"rendered":"https:\/\/happyhopfields.eu\/?page_id=33881"},"modified":"2021-10-20T10:36:14","modified_gmt":"2021-10-20T08:36:14","slug":"gluecklicher-hopfen","status":"publish","type":"page","link":"https:\/\/happyhopfields.eu\/de\/gluecklicher-hopfen\/","title":{"rendered":"GL\u00dcCKLICHER HOPFEN"},"content":{"rendered":"\t\t<div data-elementor-type=\"wp-page\" data-elementor-id=\"33881\" class=\"elementor elementor-33881 elementor-32538\">\n\t\t\t\t\t\t\t\t\t<section class=\"elementor-section elementor-top-section elementor-element elementor-element-4d6c4b5 elementor-section-stretched elementor-section-boxed elementor-section-height-default elementor-section-height-default\" data-id=\"4d6c4b5\" data-element_type=\"section\" data-settings=\"{&quot;stretch_section&quot;:&quot;section-stretched&quot;,&quot;background_background&quot;:&quot;classic&quot;,&quot;background_motion_fx_motion_fx_scrolling&quot;:&quot;yes&quot;,&quot;background_motion_fx_translateY_effect&quot;:&quot;yes&quot;,&quot;background_motion_fx_opacity_effect&quot;:&quot;yes&quot;,&quot;background_motion_fx_scale_effect&quot;:&quot;yes&quot;,&quot;background_motion_fx_scale_speed&quot;:{&quot;unit&quot;:&quot;px&quot;,&quot;size&quot;:1,&quot;sizes&quot;:[]},&quot;background_motion_fx_translateY_speed&quot;:{&quot;unit&quot;:&quot;px&quot;,&quot;size&quot;:4,&quot;sizes&quot;:[]},&quot;background_motion_fx_translateY_affectedRange&quot;:{&quot;unit&quot;:&quot;%&quot;,&quot;size&quot;:&quot;&quot;,&quot;sizes&quot;:{&quot;start&quot;:0,&quot;end&quot;:100}},&quot;background_motion_fx_opacity_direction&quot;:&quot;out-in&quot;,&quot;background_motion_fx_opacity_level&quot;:{&quot;unit&quot;:&quot;px&quot;,&quot;size&quot;:10,&quot;sizes&quot;:[]},&quot;background_motion_fx_opacity_range&quot;:{&quot;unit&quot;:&quot;%&quot;,&quot;size&quot;:&quot;&quot;,&quot;sizes&quot;:{&quot;start&quot;:20,&quot;end&quot;:80}},&quot;background_motion_fx_scale_direction&quot;:&quot;out-in&quot;,&quot;background_motion_fx_scale_range&quot;:{&quot;unit&quot;:&quot;%&quot;,&quot;size&quot;:&quot;&quot;,&quot;sizes&quot;:{&quot;start&quot;:20,&quot;end&quot;:80}},&quot;background_motion_fx_devices&quot;:[&quot;desktop&quot;,&quot;tablet&quot;,&quot;mobile&quot;]}\">\n\t\t\t\t\t\t<div class=\"elementor-container elementor-column-gap-default\">\n\t\t\t\t\t<div class=\"elementor-column elementor-col-50 elementor-top-column elementor-element elementor-element-365b67d\" data-id=\"365b67d\" data-element_type=\"column\">\n\t\t\t<div class=\"elementor-widget-wrap elementor-element-populated\">\n\t\t\t\t\t\t\t\t<div class=\"elementor-element elementor-element-f929e7a elementor-widget elementor-widget-heading\" data-id=\"f929e7a\" data-element_type=\"widget\" data-widget_type=\"heading.default\">\n\t\t\t\t<div class=\"elementor-widget-container\">\n\t\t\t<h2 class=\"elementor-heading-title elementor-size-default\">Woher wissen wir, dass unser Hopfen <span class=\"text-green\">gl\u00fccklich ist?<\/span>\n<\/h2>\t\t<\/div>\n\t\t\t\t<\/div>\n\t\t\t\t<div class=\"elementor-element elementor-element-93f73eb elementor-widget elementor-widget-text-editor\" data-id=\"93f73eb\" data-element_type=\"widget\" data-widget_type=\"text-editor.default\">\n\t\t\t\t<div class=\"elementor-widget-container\">\n\t\t\t\t\t\t\t<p><span style=\"font-weight: 400;\">Denn in der innovativen Plantage in Jastk\u00f3w kennen wir jeden Setzling genau. Wir bieten perfekte, saubere Bedingungen f\u00fcr ihre Entwicklung und ihr gesundes Wachstum. Wir garantieren eine bedarfsgerechte Bew\u00e4sserung, eine l\u00fcckenlose \u00dcberwachung und ideale Bedingungen f\u00fcr Lagerung sowie Produktverpackung und -aufmachung. Jeder Zapfen von Happy Hopfields enth\u00e4lt eine maximale Dosis an Gl\u00fcck und darauf sind wir stolz!<\/span><\/p><h2><span style=\"font-size: 16px; font-weight: 400;\">Es handelt sich um die einzige Hopfenanbaufl\u00e4che der Art in Europa, die ein qualitativ hochwertiges, gesundes und PAK-freies Produkt gew\u00e4hrleistet, das in jeder Phase der Produktion und des Vertriebs \u00fcberwacht und dessen Herkunft durch zus\u00e4tzliche Herkunftsnachweise best\u00e4tigt wird.<\/span><\/h2>\t\t\t\t\t\t<\/div>\n\t\t\t\t<\/div>\n\t\t\t\t<div class=\"elementor-element elementor-element-b3e02df elementor-widget elementor-widget-text-editor\" data-id=\"b3e02df\" data-element_type=\"widget\" data-widget_type=\"text-editor.default\">\n\t\t\t\t<div class=\"elementor-widget-container\">\n\t\t\t\t\t\t\t<h2 style=\"font-style: normal; font-variant-ligatures: normal; font-variant-caps: normal;\"><span style=\"font-weight: 400; font-size: 16px;\">Der Hopfen wird nach dem globalen Standard f\u00fcr gute Landwirtschafts- und Produktionspraktiken (Global GAP) angebaut.\u00a0<\/span><\/h2>\t\t\t\t\t\t<\/div>\n\t\t\t\t<\/div>\n\t\t\t\t\t<\/div>\n\t\t<\/div>\n\t\t\t\t<div class=\"elementor-column elementor-col-50 elementor-top-column elementor-element elementor-element-b5f86e6\" data-id=\"b5f86e6\" data-element_type=\"column\">\n\t\t\t<div class=\"elementor-widget-wrap elementor-element-populated\">\n\t\t\t\t\t\t\t\t<div class=\"elementor-element elementor-element-41253d1 elementor-widget elementor-widget-image\" data-id=\"41253d1\" data-element_type=\"widget\" data-widget_type=\"image.default\">\n\t\t\t\t<div class=\"elementor-widget-container\">\n\t\t\t\t\t\t\t\t\t\t\t\t\t\t\t<img loading=\"lazy\" decoding=\"async\" width=\"248\" height=\"300\" src=\"https:\/\/happyhopfields.eu\/wp-content\/uploads\/2021\/09\/szyszka-lubelski-248x300.png\" class=\"attachment-medium size-medium\" alt=\"\" srcset=\"https:\/\/happyhopfields.eu\/wp-content\/uploads\/2021\/09\/szyszka-lubelski-248x300.png 248w, https:\/\/happyhopfields.eu\/wp-content\/uploads\/2021\/09\/szyszka-lubelski.png 651w\" sizes=\"auto, (max-width: 248px) 100vw, 248px\" \/>\t\t\t\t\t\t\t\t\t\t\t\t\t\t\t<\/div>\n\t\t\t\t<\/div>\n\t\t\t\t<div class=\"elementor-element elementor-element-c112046 elementor-widget elementor-widget-text-editor\" data-id=\"c112046\" data-element_type=\"widget\" data-widget_type=\"text-editor.default\">\n\t\t\t\t<div class=\"elementor-widget-container\">\n\t\t\t\t\t\t\t<p><span style=\"font-weight: 400;\">Es handelt sich um eine edle Sorte von Aromahopfen mit einem kr\u00e4uterigen, grasigen, w\u00fcrzigen und leicht teeblumigen Aroma.<\/span><\/p>\t\t\t\t\t\t<\/div>\n\t\t\t\t<\/div>\n\t\t\t\t<div class=\"elementor-element elementor-element-37a1506 elementor-widget elementor-widget-image\" data-id=\"37a1506\" data-element_type=\"widget\" data-widget_type=\"image.default\">\n\t\t\t\t<div class=\"elementor-widget-container\">\n\t\t\t\t\t\t\t\t\t\t\t\t\t\t\t<img loading=\"lazy\" decoding=\"async\" width=\"248\" height=\"300\" src=\"https:\/\/happyhopfields.eu\/wp-content\/uploads\/2021\/09\/szyszka-magnat-248x300.png\" class=\"attachment-medium size-medium\" alt=\"\" srcset=\"https:\/\/happyhopfields.eu\/wp-content\/uploads\/2021\/09\/szyszka-magnat-248x300.png 248w, https:\/\/happyhopfields.eu\/wp-content\/uploads\/2021\/09\/szyszka-magnat.png 651w\" sizes=\"auto, (max-width: 248px) 100vw, 248px\" \/>\t\t\t\t\t\t\t\t\t\t\t\t\t\t\t<\/div>\n\t\t\t\t<\/div>\n\t\t\t\t<div class=\"elementor-element elementor-element-744b5b4 elementor-widget elementor-widget-text-editor\" data-id=\"744b5b4\" data-element_type=\"widget\" data-widget_type=\"text-editor.default\">\n\t\t\t\t<div class=\"elementor-widget-container\">\n\t\t\t\t\t\t\t<p><span style=\"font-weight: 400;\">Es handelt sich um eine Hopfensorte mit harzigen, holzigen und w\u00fcrzigen Aromen. Er zeichnet sich durch eine w\u00fcrzige und krautige Bitterkeit aus.<\/span><\/p>\t\t\t\t\t\t<\/div>\n\t\t\t\t<\/div>\n\t\t\t\t\t<\/div>\n\t\t<\/div>\n\t\t\t\t\t\t\t<\/div>\n\t\t<\/section>\n\t\t\t\t<section class=\"elementor-section elementor-top-section elementor-element elementor-element-b55c329 elementor-section-stretched elementor-section-boxed elementor-section-height-default elementor-section-height-default\" data-id=\"b55c329\" data-element_type=\"section\" data-settings=\"{&quot;stretch_section&quot;:&quot;section-stretched&quot;}\">\n\t\t\t\t\t\t<div class=\"elementor-container elementor-column-gap-default\">\n\t\t\t\t\t<div class=\"elementor-column elementor-col-100 elementor-top-column elementor-element elementor-element-5777795\" data-id=\"5777795\" data-element_type=\"column\">\n\t\t\t<div class=\"elementor-widget-wrap elementor-element-populated\">\n\t\t\t\t\t\t\t\t<div class=\"elementor-element elementor-element-b2a2122 elementor-widget elementor-widget-heading\" data-id=\"b2a2122\" data-element_type=\"widget\" data-widget_type=\"heading.default\">\n\t\t\t\t<div class=\"elementor-widget-container\">\n\t\t\t<h2 class=\"elementor-heading-title elementor-size-default\">Reiner Hopfen bedeutet mehr als\n <span class=\"text-green\">\u00d6ko!<\/span>\n<\/h2>\t\t<\/div>\n\t\t\t\t<\/div>\n\t\t\t\t<div class=\"elementor-element elementor-element-8aba246 elementor-widget elementor-widget-text-editor\" data-id=\"8aba246\" data-element_type=\"widget\" data-widget_type=\"text-editor.default\">\n\t\t\t\t<div class=\"elementor-widget-container\">\n\t\t\t\t\t\t\t\t\t\t\t\t\t<\/div>\n\t\t\t\t<\/div>\n\t\t\t\t\t<\/div>\n\t\t<\/div>\n\t\t\t\t\t\t\t<\/div>\n\t\t<\/section>\n\t\t\t\t<section class=\"elementor-section elementor-top-section elementor-element elementor-element-061f01c elementor-section-boxed elementor-section-height-default elementor-section-height-default\" data-id=\"061f01c\" data-element_type=\"section\">\n\t\t\t\t\t\t<div class=\"elementor-container elementor-column-gap-default\">\n\t\t\t\t\t<div class=\"elementor-column elementor-col-50 elementor-top-column elementor-element elementor-element-3378b92\" data-id=\"3378b92\" data-element_type=\"column\">\n\t\t\t<div class=\"elementor-widget-wrap elementor-element-populated\">\n\t\t\t\t\t\t\t\t<div class=\"elementor-element elementor-element-5896997 elementor-widget elementor-widget-image\" data-id=\"5896997\" data-element_type=\"widget\" data-widget_type=\"image.default\">\n\t\t\t\t<div class=\"elementor-widget-container\">\n\t\t\t\t\t\t\t\t\t\t\t\t\t\t\t<img loading=\"lazy\" decoding=\"async\" width=\"300\" height=\"148\" src=\"https:\/\/happyhopfields.eu\/wp-content\/uploads\/2021\/10\/logo-globalgap-300x148.png\" class=\"attachment-medium size-medium\" alt=\"\" srcset=\"https:\/\/happyhopfields.eu\/wp-content\/uploads\/2021\/10\/logo-globalgap-300x148.png 300w, https:\/\/happyhopfields.eu\/wp-content\/uploads\/2021\/10\/logo-globalgap-768x378.png 768w, https:\/\/happyhopfields.eu\/wp-content\/uploads\/2021\/10\/logo-globalgap.png 829w\" sizes=\"auto, (max-width: 300px) 100vw, 300px\" \/>\t\t\t\t\t\t\t\t\t\t\t\t\t\t\t<\/div>\n\t\t\t\t<\/div>\n\t\t\t\t\t<\/div>\n\t\t<\/div>\n\t\t\t\t<div class=\"elementor-column elementor-col-50 elementor-top-column elementor-element elementor-element-d06dc3c\" data-id=\"d06dc3c\" data-element_type=\"column\">\n\t\t\t<div class=\"elementor-widget-wrap elementor-element-populated\">\n\t\t\t\t\t\t\t\t<div class=\"elementor-element elementor-element-deb6b41 elementor-widget elementor-widget-image\" data-id=\"deb6b41\" data-element_type=\"widget\" data-widget_type=\"image.default\">\n\t\t\t\t<div class=\"elementor-widget-container\">\n\t\t\t\t\t\t\t\t\t\t\t\t\t\t\t<img loading=\"lazy\" decoding=\"async\" width=\"300\" height=\"124\" src=\"https:\/\/happyhopfields.eu\/wp-content\/uploads\/2021\/10\/logo-IP-przezroczyste-tlo-300x124.png\" class=\"attachment-medium size-medium\" alt=\"\" srcset=\"https:\/\/happyhopfields.eu\/wp-content\/uploads\/2021\/10\/logo-IP-przezroczyste-tlo-300x124.png 300w, https:\/\/happyhopfields.eu\/wp-content\/uploads\/2021\/10\/logo-IP-przezroczyste-tlo-768x317.png 768w, https:\/\/happyhopfields.eu\/wp-content\/uploads\/2021\/10\/logo-IP-przezroczyste-tlo.png 890w\" sizes=\"auto, (max-width: 300px) 100vw, 300px\" \/>\t\t\t\t\t\t\t\t\t\t\t\t\t\t\t<\/div>\n\t\t\t\t<\/div>\n\t\t\t\t\t<\/div>\n\t\t<\/div>\n\t\t\t\t\t\t\t<\/div>\n\t\t<\/section>\n\t\t\t\t<section class=\"elementor-section elementor-top-section elementor-element elementor-element-3f3e5e4 elementor-section-boxed elementor-section-height-default elementor-section-height-default\" data-id=\"3f3e5e4\" data-element_type=\"section\">\n\t\t\t\t\t\t<div class=\"elementor-container elementor-column-gap-default\">\n\t\t\t\t\t<div class=\"elementor-column elementor-col-50 elementor-top-column elementor-element elementor-element-421d3ac\" data-id=\"421d3ac\" data-element_type=\"column\">\n\t\t\t<div class=\"elementor-widget-wrap elementor-element-populated\">\n\t\t\t\t\t\t\t\t<div class=\"elementor-element elementor-element-0a20f27 elementor-widget elementor-widget-text-editor\" data-id=\"0a20f27\" data-element_type=\"widget\" data-widget_type=\"text-editor.default\">\n\t\t\t\t<div class=\"elementor-widget-container\">\n\t\t\t\t\t\t\t<p style=\"font-style: normal; font-variant-ligatures: normal; font-variant-caps: normal; font-weight: 300; font-size: 16px;\"><strong style=\"font-size: 16px;\">Das GLOBAL G.A.P. ZERTIFIKAT best\u00e4tigt:<\/strong><\/p><p style=\"font-style: normal; font-variant-ligatures: normal; font-variant-caps: normal; font-weight: 300; font-size: 16px;\"><span style=\"font-weight: 400; font-size: 16px;\">1) Lebensmittelsicherheit<br \/>2) R\u00fcckverfolgbarkeit der korrekten Anwendung von Pflanzenschutzmitteln<br \/>3) angemessene: D\u00fcngung, Anbautechniken, Bew\u00e4sserung, Abfallwirtschaft,<br \/>4) Sicherheit und Wohlergehen der Arbeitnehmer<br \/>5) Umweltsicherheit.<\/span><\/p>\t\t\t\t\t\t<\/div>\n\t\t\t\t<\/div>\n\t\t\t\t\t<\/div>\n\t\t<\/div>\n\t\t\t\t<div class=\"elementor-column elementor-col-50 elementor-top-column elementor-element elementor-element-a59af7b\" data-id=\"a59af7b\" data-element_type=\"column\">\n\t\t\t<div class=\"elementor-widget-wrap elementor-element-populated\">\n\t\t\t\t\t\t\t\t<div class=\"elementor-element elementor-element-c8c68d5 elementor-widget elementor-widget-text-editor\" data-id=\"c8c68d5\" data-element_type=\"widget\" data-widget_type=\"text-editor.default\">\n\t\t\t\t<div class=\"elementor-widget-container\">\n\t\t\t\t\t\t\t<p class=\"p1\"><strong><span class=\"s1\">ZERTIFIKAT F\u00dcR INTEGRIERTE HOPFENPRODUKTION garantiert:\u00a0<\/span><\/strong><\/p><p class=\"p1\"><span class=\"s1\">1) zufriedenstellende, qualitativ hochwertige Ertr\u00e4ge<br \/><\/span><span class=\"s1\">2) Anbau, der f\u00fcr die Umwelt und die menschliche Gesundheit sicher ist<br \/><\/span><span class=\"s1\">3) rationelle Verwendung von D\u00fcnge- und Pflanzenschutzmitteln<br \/><\/span><span class=\"s1\">4) harmonische Nutzung des biologischen und technischen Fortschritts in Anbau, D\u00fcngung und Pflanzenschutz<\/span><\/p>\t\t\t\t\t\t<\/div>\n\t\t\t\t<\/div>\n\t\t\t\t\t<\/div>\n\t\t<\/div>\n\t\t\t\t\t\t\t<\/div>\n\t\t<\/section>\n\t\t\t\t\t\t\t<\/div>\n\t\t","protected":false},"excerpt":{"rendered":"<p>Woher wissen wir, dass unser Hopfen gl\u00fccklich ist? Denn in der innovativen Plantage in Jastk\u00f3w kennen wir jeden Setzling genau.<\/p>\n","protected":false},"author":3,"featured_media":0,"parent":0,"menu_order":0,"comment_status":"closed","ping_status":"closed","template":"","meta":{"footnotes":""},"class_list":["post-33881","page","type-page","status-publish","hentry"],"yoast_head":"<!-- This site is optimized with the Yoast SEO plugin v19.9 - https:\/\/yoast.com\/wordpress\/plugins\/seo\/ -->\n<title>GL\u00dcCKLICHER HOPFEN - Happy Hopfields<\/title>\n<meta name=\"robots\" content=\"index, follow, max-snippet:-1, max-image-preview:large, max-video-preview:-1\" \/>\n<link rel=\"canonical\" href=\"https:\/\/happyhopfields.eu\/de\/gluecklicher-hopfen\/\" \/>\n<meta property=\"og:locale\" content=\"de_DE\" \/>\n<meta property=\"og:type\" content=\"article\" \/>\n<meta property=\"og:title\" content=\"GL\u00dcCKLICHER HOPFEN - Happy Hopfields\" \/>\n<meta property=\"og:description\" content=\"Woher wissen wir, dass unser Hopfen gl\u00fccklich ist? Denn in der innovativen Plantage in Jastk\u00f3w kennen wir jeden Setzling genau.\" \/>\n<meta property=\"og:url\" content=\"https:\/\/happyhopfields.eu\/de\/gluecklicher-hopfen\/\" \/>\n<meta property=\"og:site_name\" content=\"Happy Hopfields\" \/>\n<meta property=\"article:modified_time\" content=\"2021-10-20T08:36:14+00:00\" \/>\n<meta property=\"og:image\" content=\"https:\/\/happyhopfields.eu\/wp-content\/uploads\/2021\/09\/szyszka-lubelski-248x300.png\" \/>\n<meta name=\"twitter:card\" content=\"summary_large_image\" \/>\n<meta name=\"twitter:label1\" content=\"Gesch\u00e4tzte Lesezeit\" \/>\n\t<meta name=\"twitter:data1\" content=\"2\u00a0Minuten\" \/>\n<script type=\"application\/ld+json\" class=\"yoast-schema-graph\">{\"@context\":\"https:\/\/schema.org\",\"@graph\":[{\"@type\":\"WebPage\",\"@id\":\"https:\/\/happyhopfields.eu\/de\/gluecklicher-hopfen\/\",\"url\":\"https:\/\/happyhopfields.eu\/de\/gluecklicher-hopfen\/\",\"name\":\"GL\u00dcCKLICHER HOPFEN - Happy Hopfields\",\"isPartOf\":{\"@id\":\"https:\/\/happyhopfields.eu\/de\/#website\"},\"datePublished\":\"2021-09-23T10:39:50+00:00\",\"dateModified\":\"2021-10-20T08:36:14+00:00\",\"breadcrumb\":{\"@id\":\"https:\/\/happyhopfields.eu\/de\/gluecklicher-hopfen\/#breadcrumb\"},\"inLanguage\":\"de\",\"potentialAction\":[{\"@type\":\"ReadAction\",\"target\":[\"https:\/\/happyhopfields.eu\/de\/gluecklicher-hopfen\/\"]}]},{\"@type\":\"BreadcrumbList\",\"@id\":\"https:\/\/happyhopfields.eu\/de\/gluecklicher-hopfen\/#breadcrumb\",\"itemListElement\":[{\"@type\":\"ListItem\",\"position\":1,\"name\":\"Strona g\u0142\u00f3wna\",\"item\":\"https:\/\/happyhopfields.eu\/de\/\"},{\"@type\":\"ListItem\",\"position\":2,\"name\":\"GL\u00dcCKLICHER HOPFEN\"}]},{\"@type\":\"WebSite\",\"@id\":\"https:\/\/happyhopfields.eu\/de\/#website\",\"url\":\"https:\/\/happyhopfields.eu\/de\/\",\"name\":\"Happy Hopfields\",\"description\":\"Moc natury z chmielu\",\"publisher\":{\"@id\":\"https:\/\/happyhopfields.eu\/de\/#organization\"},\"potentialAction\":[{\"@type\":\"SearchAction\",\"target\":{\"@type\":\"EntryPoint\",\"urlTemplate\":\"https:\/\/happyhopfields.eu\/de\/?s={search_term_string}\"},\"query-input\":\"required name=search_term_string\"}],\"inLanguage\":\"de\"},{\"@type\":\"Organization\",\"@id\":\"https:\/\/happyhopfields.eu\/de\/#organization\",\"name\":\"Happyhopfields\",\"url\":\"https:\/\/happyhopfields.eu\/de\/\",\"logo\":{\"@type\":\"ImageObject\",\"inLanguage\":\"de\",\"@id\":\"https:\/\/happyhopfields.eu\/de\/#\/schema\/logo\/image\/\",\"url\":\"https:\/\/happyhopfields.eu\/wp-content\/uploads\/2021\/09\/logo-podpis-small-grey.png\",\"contentUrl\":\"https:\/\/happyhopfields.eu\/wp-content\/uploads\/2021\/09\/logo-podpis-small-grey.png\",\"width\":400,\"height\":128,\"caption\":\"Happyhopfields\"},\"image\":{\"@id\":\"https:\/\/happyhopfields.eu\/de\/#\/schema\/logo\/image\/\"}}]}<\/script>\n<!-- \/ Yoast SEO plugin. -->","yoast_head_json":{"title":"GL\u00dcCKLICHER HOPFEN - Happy Hopfields","robots":{"index":"index","follow":"follow","max-snippet":"max-snippet:-1","max-image-preview":"max-image-preview:large","max-video-preview":"max-video-preview:-1"},"canonical":"https:\/\/happyhopfields.eu\/de\/gluecklicher-hopfen\/","og_locale":"de_DE","og_type":"article","og_title":"GL\u00dcCKLICHER HOPFEN - Happy Hopfields","og_description":"Woher wissen wir, dass unser Hopfen gl\u00fccklich ist? Denn in der innovativen Plantage in Jastk\u00f3w kennen wir jeden Setzling genau.","og_url":"https:\/\/happyhopfields.eu\/de\/gluecklicher-hopfen\/","og_site_name":"Happy Hopfields","article_modified_time":"2021-10-20T08:36:14+00:00","og_image":[{"url":"https:\/\/happyhopfields.eu\/wp-content\/uploads\/2021\/09\/szyszka-lubelski-248x300.png"}],"twitter_card":"summary_large_image","twitter_misc":{"Gesch\u00e4tzte Lesezeit":"2\u00a0Minuten"},"schema":{"@context":"https:\/\/schema.org","@graph":[{"@type":"WebPage","@id":"https:\/\/happyhopfields.eu\/de\/gluecklicher-hopfen\/","url":"https:\/\/happyhopfields.eu\/de\/gluecklicher-hopfen\/","name":"GL\u00dcCKLICHER HOPFEN - Happy Hopfields","isPartOf":{"@id":"https:\/\/happyhopfields.eu\/de\/#website"},"datePublished":"2021-09-23T10:39:50+00:00","dateModified":"2021-10-20T08:36:14+00:00","breadcrumb":{"@id":"https:\/\/happyhopfields.eu\/de\/gluecklicher-hopfen\/#breadcrumb"},"inLanguage":"de","potentialAction":[{"@type":"ReadAction","target":["https:\/\/happyhopfields.eu\/de\/gluecklicher-hopfen\/"]}]},{"@type":"BreadcrumbList","@id":"https:\/\/happyhopfields.eu\/de\/gluecklicher-hopfen\/#breadcrumb","itemListElement":[{"@type":"ListItem","position":1,"name":"Strona g\u0142\u00f3wna","item":"https:\/\/happyhopfields.eu\/de\/"},{"@type":"ListItem","position":2,"name":"GL\u00dcCKLICHER HOPFEN"}]},{"@type":"WebSite","@id":"https:\/\/happyhopfields.eu\/de\/#website","url":"https:\/\/happyhopfields.eu\/de\/","name":"Happy Hopfields","description":"Moc natury z chmielu","publisher":{"@id":"https:\/\/happyhopfields.eu\/de\/#organization"},"potentialAction":[{"@type":"SearchAction","target":{"@type":"EntryPoint","urlTemplate":"https:\/\/happyhopfields.eu\/de\/?s={search_term_string}"},"query-input":"required name=search_term_string"}],"inLanguage":"de"},{"@type":"Organization","@id":"https:\/\/happyhopfields.eu\/de\/#organization","name":"Happyhopfields","url":"https:\/\/happyhopfields.eu\/de\/","logo":{"@type":"ImageObject","inLanguage":"de","@id":"https:\/\/happyhopfields.eu\/de\/#\/schema\/logo\/image\/","url":"https:\/\/happyhopfields.eu\/wp-content\/uploads\/2021\/09\/logo-podpis-small-grey.png","contentUrl":"https:\/\/happyhopfields.eu\/wp-content\/uploads\/2021\/09\/logo-podpis-small-grey.png","width":400,"height":128,"caption":"Happyhopfields"},"image":{"@id":"https:\/\/happyhopfields.eu\/de\/#\/schema\/logo\/image\/"}}]}},"_links":{"self":[{"href":"https:\/\/happyhopfields.eu\/de\/wp-json\/wp\/v2\/pages\/33881","targetHints":{"allow":["GET"]}}],"collection":[{"href":"https:\/\/happyhopfields.eu\/de\/wp-json\/wp\/v2\/pages"}],"about":[{"href":"https:\/\/happyhopfields.eu\/de\/wp-json\/wp\/v2\/types\/page"}],"author":[{"embeddable":true,"href":"https:\/\/happyhopfields.eu\/de\/wp-json\/wp\/v2\/users\/3"}],"replies":[{"embeddable":true,"href":"https:\/\/happyhopfields.eu\/de\/wp-json\/wp\/v2\/comments?post=33881"}],"version-history":[{"count":15,"href":"https:\/\/happyhopfields.eu\/de\/wp-json\/wp\/v2\/pages\/33881\/revisions"}],"predecessor-version":[{"id":34410,"href":"https:\/\/happyhopfields.eu\/de\/wp-json\/wp\/v2\/pages\/33881\/revisions\/34410"}],"wp:attachment":[{"href":"https:\/\/happyhopfields.eu\/de\/wp-json\/wp\/v2\/media?parent=33881"}],"curies":[{"name":"wp","href":"https:\/\/api.w.org\/{rel}","templated":true}]}}