{"id":33891,"date":"2021-09-23T12:48:16","date_gmt":"2021-09-23T10:48:16","guid":{"rendered":"https:\/\/happyhopfields.eu\/?page_id=33891"},"modified":"2021-09-27T12:15:31","modified_gmt":"2021-09-27T10:15:31","slug":"rezepte-fuer-gesundheit","status":"publish","type":"page","link":"https:\/\/happyhopfields.eu\/de\/rezepte-fuer-gesundheit\/","title":{"rendered":"REZEPTE F\u00dcR GESUNDHEIT"},"content":{"rendered":"<section class=\"wpb-content-wrapper\"><p>[vc_row][vc_column][vc_column_text]<b>HAARE<\/b><\/p>\n<p><span style=\"font-weight: 400;\">Der Hopfenextrakt wirkt wie ein hervorragendes Haarkosmetikum. Er wird bei Schuppen, juckender Kopfhaut und \u00fcberm\u00e4\u00dfig fettigem Haar empfohlen, da Hopfen die Talgsekretion reguliert. Der Hopfen st\u00e4rkt auch das Haar und beugt <\/span><span style=\"font-weight: 400;\">dem<\/span><span style=\"font-weight: 400;\"> Haarausfall vor. Er ist ideal bei vorzeitiger Kahlheit und stimuliert das hormonell geschw\u00e4chte Haarwachstum.<\/span><\/p>\n<p><span style=\"font-weight: 400;\">Hopfenshampoos und -sp\u00fclungen verleihen dem Haar einen angenehmen Duft und machen es weicher, geschmeidiger, elastischer und l\u00e4nger frisch.\u00a0<\/span><\/p>\n<p><b>HAUT<\/b><\/p>\n<p><span style=\"font-weight: 400;\">Der Hopfen hat antibakterielle und antimykotische Eigenschaften und wird h\u00e4ufig zur Behandlung von seborrhoischer und zu Akne neigender Haut eingesetzt, da Lupulin und Xanthohumol (Wirkstoffe des Hopfens) eine antibakterielle Wirkung haben. Der Hopfen lindert Hautreizungen und Entz\u00fcndungen, ist bei der Pflege empfindlicher Haut und bei schwer heilenden Wunden n\u00fctzlich.\u00a0<\/span><\/p>\n<p><span style=\"font-weight: 400;\">Die im Hopfenextrakt enthaltenen Phytohormone stimulieren die Produktion von Kollagen, Elastin und Hyalurons\u00e4ure, die f\u00fcr eine gute Hydratation der Haut sorgen, ihre Spannung und Elastizit\u00e4t erh\u00f6hen und ihre Farbe verbessern. Der Hopfen beugt der Hautalterung vor und verleiht der Haut ein sch\u00f6nes, junges Aussehen. Er regeneriert die Haut, verj\u00fcngt sie, gl\u00e4ttet Falten und gibt der Haut ihre Festigkeit zur\u00fcck.\u00a0\u00a0<\/span><\/p>\n<p><b>ORGANISMUS<\/b><\/p>\n<p><span style=\"font-weight: 400;\">Der Hopfen beruhigt den Geist, hat eine therapeutische Wirkung bei Schlaflosigkeit und hilft, den Blutdruck zu senken. Er beruhigt Spannungen und \u00c4ngste, baut Stress ab, wirkt schlaff\u00f6rdernd, reduziert Reizbarkeit und Symptome in den Wechseljahren. Der Hopfen beruhigt und entspannt, f\u00f6rdert den Tiefschlaf. Der Hopfen regt die Sekretion von Speichel und Magensaft an, was die Verdauung verbessert. Zahlreiche Studien belegen krebshemmende, antibakterielle, antivirale und antioxidative Wirkungen. E<\/span><span style=\"font-weight: 400;\">r<\/span><span style=\"font-weight: 400;\"> hat auch analgetische und diastolische Wirkungen.<\/span>[\/vc_column_text][\/vc_column][\/vc_row][vc_row][vc_column][vc_basic_grid post_type=&#8221;post&#8221; max_items=&#8221;-1&#8243; show_filter=&#8221;yes&#8221; item=&#8221;33399&#8243; grid_id=&#8221;vc_gid:1632737409703-5c660250a3fc65ad9a1e75db5a0acf28-7&#8243; filter_source=&#8221;category&#8221; exclude_filter=&#8221;39, 38&#8243;][\/vc_column][\/vc_row]<\/p>\n<\/section>","protected":false},"excerpt":{"rendered":"<p>[vc_row][vc_column][vc_column_text]HAARE Der Hopfenextrakt wirkt wie ein hervorragendes Haarkosmetikum. Er wird bei Schuppen, juckender Kopfhaut und \u00fcberm\u00e4\u00dfig fettigem Haar empfohlen, da<\/p>\n","protected":false},"author":3,"featured_media":0,"parent":0,"menu_order":0,"comment_status":"closed","ping_status":"closed","template":"","meta":{"footnotes":""},"class_list":["post-33891","page","type-page","status-publish","hentry"],"yoast_head":"<!-- This site is optimized with the Yoast SEO plugin v19.9 - https:\/\/yoast.com\/wordpress\/plugins\/seo\/ -->\n<title>REZEPTE F\u00dcR GESUNDHEIT - Happy Hopfields<\/title>\n<meta name=\"robots\" content=\"index, follow, max-snippet:-1, max-image-preview:large, max-video-preview:-1\" \/>\n<link rel=\"canonical\" href=\"https:\/\/happyhopfields.eu\/de\/rezepte-fuer-gesundheit\/\" \/>\n<meta property=\"og:locale\" content=\"de_DE\" \/>\n<meta property=\"og:type\" content=\"article\" \/>\n<meta property=\"og:title\" content=\"REZEPTE F\u00dcR GESUNDHEIT - Happy Hopfields\" \/>\n<meta property=\"og:description\" content=\"[vc_row][vc_column][vc_column_text]HAARE Der Hopfenextrakt wirkt wie ein hervorragendes Haarkosmetikum. Er wird bei Schuppen, juckender Kopfhaut und \u00fcberm\u00e4\u00dfig fettigem Haar empfohlen, da\" \/>\n<meta property=\"og:url\" content=\"https:\/\/happyhopfields.eu\/de\/rezepte-fuer-gesundheit\/\" \/>\n<meta property=\"og:site_name\" content=\"Happy Hopfields\" \/>\n<meta property=\"article:modified_time\" content=\"2021-09-27T10:15:31+00:00\" \/>\n<meta name=\"twitter:card\" content=\"summary_large_image\" \/>\n<meta name=\"twitter:label1\" content=\"Gesch\u00e4tzte Lesezeit\" \/>\n\t<meta name=\"twitter:data1\" content=\"2\u00a0Minuten\" \/>\n<script type=\"application\/ld+json\" class=\"yoast-schema-graph\">{\"@context\":\"https:\/\/schema.org\",\"@graph\":[{\"@type\":\"WebPage\",\"@id\":\"https:\/\/happyhopfields.eu\/de\/rezepte-fuer-gesundheit\/\",\"url\":\"https:\/\/happyhopfields.eu\/de\/rezepte-fuer-gesundheit\/\",\"name\":\"REZEPTE F\u00dcR GESUNDHEIT - Happy Hopfields\",\"isPartOf\":{\"@id\":\"https:\/\/happyhopfields.eu\/de\/#website\"},\"datePublished\":\"2021-09-23T10:48:16+00:00\",\"dateModified\":\"2021-09-27T10:15:31+00:00\",\"breadcrumb\":{\"@id\":\"https:\/\/happyhopfields.eu\/de\/rezepte-fuer-gesundheit\/#breadcrumb\"},\"inLanguage\":\"de\",\"potentialAction\":[{\"@type\":\"ReadAction\",\"target\":[\"https:\/\/happyhopfields.eu\/de\/rezepte-fuer-gesundheit\/\"]}]},{\"@type\":\"BreadcrumbList\",\"@id\":\"https:\/\/happyhopfields.eu\/de\/rezepte-fuer-gesundheit\/#breadcrumb\",\"itemListElement\":[{\"@type\":\"ListItem\",\"position\":1,\"name\":\"Strona g\u0142\u00f3wna\",\"item\":\"https:\/\/happyhopfields.eu\/de\/\"},{\"@type\":\"ListItem\",\"position\":2,\"name\":\"REZEPTE F\u00dcR GESUNDHEIT\"}]},{\"@type\":\"WebSite\",\"@id\":\"https:\/\/happyhopfields.eu\/de\/#website\",\"url\":\"https:\/\/happyhopfields.eu\/de\/\",\"name\":\"Happy Hopfields\",\"description\":\"Moc natury z chmielu\",\"publisher\":{\"@id\":\"https:\/\/happyhopfields.eu\/de\/#organization\"},\"potentialAction\":[{\"@type\":\"SearchAction\",\"target\":{\"@type\":\"EntryPoint\",\"urlTemplate\":\"https:\/\/happyhopfields.eu\/de\/?s={search_term_string}\"},\"query-input\":\"required name=search_term_string\"}],\"inLanguage\":\"de\"},{\"@type\":\"Organization\",\"@id\":\"https:\/\/happyhopfields.eu\/de\/#organization\",\"name\":\"Happyhopfields\",\"url\":\"https:\/\/happyhopfields.eu\/de\/\",\"logo\":{\"@type\":\"ImageObject\",\"inLanguage\":\"de\",\"@id\":\"https:\/\/happyhopfields.eu\/de\/#\/schema\/logo\/image\/\",\"url\":\"https:\/\/happyhopfields.eu\/wp-content\/uploads\/2021\/09\/logo-podpis-small-grey.png\",\"contentUrl\":\"https:\/\/happyhopfields.eu\/wp-content\/uploads\/2021\/09\/logo-podpis-small-grey.png\",\"width\":400,\"height\":128,\"caption\":\"Happyhopfields\"},\"image\":{\"@id\":\"https:\/\/happyhopfields.eu\/de\/#\/schema\/logo\/image\/\"}}]}<\/script>\n<!-- \/ Yoast SEO plugin. -->","yoast_head_json":{"title":"REZEPTE F\u00dcR GESUNDHEIT - Happy Hopfields","robots":{"index":"index","follow":"follow","max-snippet":"max-snippet:-1","max-image-preview":"max-image-preview:large","max-video-preview":"max-video-preview:-1"},"canonical":"https:\/\/happyhopfields.eu\/de\/rezepte-fuer-gesundheit\/","og_locale":"de_DE","og_type":"article","og_title":"REZEPTE F\u00dcR GESUNDHEIT - Happy Hopfields","og_description":"[vc_row][vc_column][vc_column_text]HAARE Der Hopfenextrakt wirkt wie ein hervorragendes Haarkosmetikum. Er wird bei Schuppen, juckender Kopfhaut und \u00fcberm\u00e4\u00dfig fettigem Haar empfohlen, da","og_url":"https:\/\/happyhopfields.eu\/de\/rezepte-fuer-gesundheit\/","og_site_name":"Happy Hopfields","article_modified_time":"2021-09-27T10:15:31+00:00","twitter_card":"summary_large_image","twitter_misc":{"Gesch\u00e4tzte Lesezeit":"2\u00a0Minuten"},"schema":{"@context":"https:\/\/schema.org","@graph":[{"@type":"WebPage","@id":"https:\/\/happyhopfields.eu\/de\/rezepte-fuer-gesundheit\/","url":"https:\/\/happyhopfields.eu\/de\/rezepte-fuer-gesundheit\/","name":"REZEPTE F\u00dcR GESUNDHEIT - Happy Hopfields","isPartOf":{"@id":"https:\/\/happyhopfields.eu\/de\/#website"},"datePublished":"2021-09-23T10:48:16+00:00","dateModified":"2021-09-27T10:15:31+00:00","breadcrumb":{"@id":"https:\/\/happyhopfields.eu\/de\/rezepte-fuer-gesundheit\/#breadcrumb"},"inLanguage":"de","potentialAction":[{"@type":"ReadAction","target":["https:\/\/happyhopfields.eu\/de\/rezepte-fuer-gesundheit\/"]}]},{"@type":"BreadcrumbList","@id":"https:\/\/happyhopfields.eu\/de\/rezepte-fuer-gesundheit\/#breadcrumb","itemListElement":[{"@type":"ListItem","position":1,"name":"Strona g\u0142\u00f3wna","item":"https:\/\/happyhopfields.eu\/de\/"},{"@type":"ListItem","position":2,"name":"REZEPTE F\u00dcR GESUNDHEIT"}]},{"@type":"WebSite","@id":"https:\/\/happyhopfields.eu\/de\/#website","url":"https:\/\/happyhopfields.eu\/de\/","name":"Happy Hopfields","description":"Moc natury z chmielu","publisher":{"@id":"https:\/\/happyhopfields.eu\/de\/#organization"},"potentialAction":[{"@type":"SearchAction","target":{"@type":"EntryPoint","urlTemplate":"https:\/\/happyhopfields.eu\/de\/?s={search_term_string}"},"query-input":"required name=search_term_string"}],"inLanguage":"de"},{"@type":"Organization","@id":"https:\/\/happyhopfields.eu\/de\/#organization","name":"Happyhopfields","url":"https:\/\/happyhopfields.eu\/de\/","logo":{"@type":"ImageObject","inLanguage":"de","@id":"https:\/\/happyhopfields.eu\/de\/#\/schema\/logo\/image\/","url":"https:\/\/happyhopfields.eu\/wp-content\/uploads\/2021\/09\/logo-podpis-small-grey.png","contentUrl":"https:\/\/happyhopfields.eu\/wp-content\/uploads\/2021\/09\/logo-podpis-small-grey.png","width":400,"height":128,"caption":"Happyhopfields"},"image":{"@id":"https:\/\/happyhopfields.eu\/de\/#\/schema\/logo\/image\/"}}]}},"_links":{"self":[{"href":"https:\/\/happyhopfields.eu\/de\/wp-json\/wp\/v2\/pages\/33891","targetHints":{"allow":["GET"]}}],"collection":[{"href":"https:\/\/happyhopfields.eu\/de\/wp-json\/wp\/v2\/pages"}],"about":[{"href":"https:\/\/happyhopfields.eu\/de\/wp-json\/wp\/v2\/types\/page"}],"author":[{"embeddable":true,"href":"https:\/\/happyhopfields.eu\/de\/wp-json\/wp\/v2\/users\/3"}],"replies":[{"embeddable":true,"href":"https:\/\/happyhopfields.eu\/de\/wp-json\/wp\/v2\/comments?post=33891"}],"version-history":[{"count":4,"href":"https:\/\/happyhopfields.eu\/de\/wp-json\/wp\/v2\/pages\/33891\/revisions"}],"predecessor-version":[{"id":34115,"href":"https:\/\/happyhopfields.eu\/de\/wp-json\/wp\/v2\/pages\/33891\/revisions\/34115"}],"wp:attachment":[{"href":"https:\/\/happyhopfields.eu\/de\/wp-json\/wp\/v2\/media?parent=33891"}],"curies":[{"name":"wp","href":"https:\/\/api.w.org\/{rel}","templated":true}]}}