{"id":33896,"date":"2021-09-23T12:50:56","date_gmt":"2021-09-23T10:50:56","guid":{"rendered":"https:\/\/happyhopfields.eu\/?page_id=33896"},"modified":"2021-10-20T11:03:48","modified_gmt":"2021-10-20T09:03:48","slug":"zusammenarbeit","status":"publish","type":"page","link":"https:\/\/happyhopfields.eu\/de\/zusammenarbeit\/","title":{"rendered":"ZUSAMMENARBEIT"},"content":{"rendered":"\t\t<div data-elementor-type=\"wp-page\" data-elementor-id=\"33896\" class=\"elementor elementor-33896 elementor-32257\">\n\t\t\t\t\t\t\t\t\t<section class=\"elementor-section elementor-top-section elementor-element elementor-element-59e8f0c elementor-section-boxed elementor-section-height-default elementor-section-height-default\" data-id=\"59e8f0c\" data-element_type=\"section\">\n\t\t\t\t\t\t<div class=\"elementor-container elementor-column-gap-default\">\n\t\t\t\t\t<div class=\"elementor-column elementor-col-100 elementor-top-column elementor-element elementor-element-8078fcd\" data-id=\"8078fcd\" data-element_type=\"column\">\n\t\t\t<div class=\"elementor-widget-wrap elementor-element-populated\">\n\t\t\t\t\t\t\t\t<div class=\"elementor-element elementor-element-c654b83 elementor-widget elementor-widget-heading\" data-id=\"c654b83\" data-element_type=\"widget\" data-widget_type=\"heading.default\">\n\t\t\t\t<div class=\"elementor-widget-container\">\n\t\t\t<h2 class=\"elementor-heading-title elementor-size-default\"><h3 data-elementor-setting-key=\"title_text\" data-elementor-inline-editing-toolbar=\"none\" data-pen-placeholder=\"Pisz tutaj...\" style=\"font-family: Roboto, sans-serif; font-weight: 600; color: rgb(214, 232, 101); font-style: normal; font-variant-ligatures: normal; font-variant-caps: normal; text-transform: uppercase;\">SCH\u00d6N, SIE ZU SEHEN!<br> WIR FREUEN UNS, DAS GL\u00dcCK UNSERES HOPFENS MIT IHNEN TEILEN ZU K\u00d6NNEN<\/h3><\/h2>\t\t<\/div>\n\t\t\t\t<\/div>\n\t\t\t\t\t<\/div>\n\t\t<\/div>\n\t\t\t\t\t\t\t<\/div>\n\t\t<\/section>\n\t\t\t\t<section class=\"elementor-section elementor-top-section elementor-element elementor-element-f89f1fd elementor-section-boxed elementor-section-height-default elementor-section-height-default\" data-id=\"f89f1fd\" data-element_type=\"section\">\n\t\t\t\t\t\t<div class=\"elementor-container elementor-column-gap-default\">\n\t\t\t\t\t<div class=\"elementor-column elementor-col-100 elementor-top-column elementor-element elementor-element-7371536\" data-id=\"7371536\" data-element_type=\"column\">\n\t\t\t<div class=\"elementor-widget-wrap elementor-element-populated\">\n\t\t\t\t\t\t\t\t<div class=\"elementor-element elementor-element-a8862e4 elementor-widget elementor-widget-text-editor\" data-id=\"a8862e4\" data-element_type=\"widget\" data-widget_type=\"text-editor.default\">\n\t\t\t\t<div class=\"elementor-widget-container\">\n\t\t\t\t\t\t\t<p><span style=\"font-family: Rubik, sans-serif; font-size: 14px; font-style: normal; font-variant-ligatures: normal; font-variant-caps: normal; font-weight: 400; white-space: pre-wrap;\">Wir laden Firmen und Vertriebsunternehmer zur Zusammenarbeit ein, die in der Kosmetik-, Pharma-, Brauerei-, K\u00fcchen- und Kr\u00e4uterbranche auf dem polnischen und ausl\u00e4ndischen Markt t\u00e4tig sind.<\/span><\/p>\t\t\t\t\t\t<\/div>\n\t\t\t\t<\/div>\n\t\t\t\t\t<\/div>\n\t\t<\/div>\n\t\t\t\t\t\t\t<\/div>\n\t\t<\/section>\n\t\t\t\t<section class=\"elementor-section elementor-top-section elementor-element elementor-element-ee9aeb5 elementor-section-boxed elementor-section-height-default elementor-section-height-default\" data-id=\"ee9aeb5\" data-element_type=\"section\">\n\t\t\t\t\t\t<div class=\"elementor-container elementor-column-gap-default\">\n\t\t\t\t\t<div class=\"elementor-column elementor-col-20 elementor-top-column elementor-element elementor-element-6513c29\" data-id=\"6513c29\" data-element_type=\"column\">\n\t\t\t<div class=\"elementor-widget-wrap elementor-element-populated\">\n\t\t\t\t\t\t\t\t<div class=\"elementor-element elementor-element-b8ee516 elementor-widget elementor-widget-image\" data-id=\"b8ee516\" data-element_type=\"widget\" data-widget_type=\"image.default\">\n\t\t\t\t<div class=\"elementor-widget-container\">\n\t\t\t\t\t\t\t\t\t\t\t\t\t\t\t<img loading=\"lazy\" decoding=\"async\" width=\"113\" height=\"114\" src=\"https:\/\/happyhopfields.eu\/wp-content\/uploads\/2021\/09\/branza-kulinarna.png\" class=\"attachment-large size-large\" alt=\"\" srcset=\"https:\/\/happyhopfields.eu\/wp-content\/uploads\/2021\/09\/branza-kulinarna.png 113w, https:\/\/happyhopfields.eu\/wp-content\/uploads\/2021\/09\/branza-kulinarna-100x100.png 100w\" sizes=\"auto, (max-width: 113px) 100vw, 113px\" \/>\t\t\t\t\t\t\t\t\t\t\t\t\t\t\t<\/div>\n\t\t\t\t<\/div>\n\t\t\t\t\t<\/div>\n\t\t<\/div>\n\t\t\t\t<div class=\"elementor-column elementor-col-20 elementor-top-column elementor-element elementor-element-d05f18b\" data-id=\"d05f18b\" data-element_type=\"column\">\n\t\t\t<div class=\"elementor-widget-wrap elementor-element-populated\">\n\t\t\t\t\t\t\t\t<div class=\"elementor-element elementor-element-27e7598 elementor-widget elementor-widget-image\" data-id=\"27e7598\" data-element_type=\"widget\" data-widget_type=\"image.default\">\n\t\t\t\t<div class=\"elementor-widget-container\">\n\t\t\t\t\t\t\t\t\t\t\t\t\t\t\t<img loading=\"lazy\" decoding=\"async\" width=\"113\" height=\"114\" src=\"https:\/\/happyhopfields.eu\/wp-content\/uploads\/2021\/09\/branza-medyczna.png\" class=\"attachment-large size-large\" alt=\"\" srcset=\"https:\/\/happyhopfields.eu\/wp-content\/uploads\/2021\/09\/branza-medyczna.png 113w, https:\/\/happyhopfields.eu\/wp-content\/uploads\/2021\/09\/branza-medyczna-100x100.png 100w\" sizes=\"auto, (max-width: 113px) 100vw, 113px\" \/>\t\t\t\t\t\t\t\t\t\t\t\t\t\t\t<\/div>\n\t\t\t\t<\/div>\n\t\t\t\t\t<\/div>\n\t\t<\/div>\n\t\t\t\t<div class=\"elementor-column elementor-col-20 elementor-top-column elementor-element elementor-element-2db07d3\" data-id=\"2db07d3\" data-element_type=\"column\">\n\t\t\t<div class=\"elementor-widget-wrap elementor-element-populated\">\n\t\t\t\t\t\t\t\t<div class=\"elementor-element elementor-element-aa529a6 elementor-widget elementor-widget-image\" data-id=\"aa529a6\" data-element_type=\"widget\" data-widget_type=\"image.default\">\n\t\t\t\t<div class=\"elementor-widget-container\">\n\t\t\t\t\t\t\t\t\t\t\t\t\t\t\t<img loading=\"lazy\" decoding=\"async\" width=\"113\" height=\"111\" src=\"https:\/\/happyhopfields.eu\/wp-content\/uploads\/2021\/09\/branza-piwowarska.png\" class=\"attachment-large size-large\" alt=\"\" \/>\t\t\t\t\t\t\t\t\t\t\t\t\t\t\t<\/div>\n\t\t\t\t<\/div>\n\t\t\t\t\t<\/div>\n\t\t<\/div>\n\t\t\t\t<div class=\"elementor-column elementor-col-20 elementor-top-column elementor-element elementor-element-52a4035\" data-id=\"52a4035\" data-element_type=\"column\">\n\t\t\t<div class=\"elementor-widget-wrap elementor-element-populated\">\n\t\t\t\t\t\t\t\t<div class=\"elementor-element elementor-element-c77cee9 elementor-widget elementor-widget-image\" data-id=\"c77cee9\" data-element_type=\"widget\" data-widget_type=\"image.default\">\n\t\t\t\t<div class=\"elementor-widget-container\">\n\t\t\t\t\t\t\t\t\t\t\t\t\t\t\t<img loading=\"lazy\" decoding=\"async\" width=\"113\" height=\"114\" src=\"https:\/\/happyhopfields.eu\/wp-content\/uploads\/2021\/09\/branza-zielarska.png\" class=\"attachment-large size-large\" alt=\"\" srcset=\"https:\/\/happyhopfields.eu\/wp-content\/uploads\/2021\/09\/branza-zielarska.png 113w, https:\/\/happyhopfields.eu\/wp-content\/uploads\/2021\/09\/branza-zielarska-100x100.png 100w\" sizes=\"auto, (max-width: 113px) 100vw, 113px\" \/>\t\t\t\t\t\t\t\t\t\t\t\t\t\t\t<\/div>\n\t\t\t\t<\/div>\n\t\t\t\t\t<\/div>\n\t\t<\/div>\n\t\t\t\t<div class=\"elementor-column elementor-col-20 elementor-top-column elementor-element elementor-element-5b05d84\" data-id=\"5b05d84\" data-element_type=\"column\">\n\t\t\t<div class=\"elementor-widget-wrap elementor-element-populated\">\n\t\t\t\t\t\t\t\t<div class=\"elementor-element elementor-element-d6f57f7 elementor-widget elementor-widget-image\" data-id=\"d6f57f7\" data-element_type=\"widget\" data-widget_type=\"image.default\">\n\t\t\t\t<div class=\"elementor-widget-container\">\n\t\t\t\t\t\t\t\t\t\t\t\t\t\t\t<img loading=\"lazy\" decoding=\"async\" width=\"113\" height=\"114\" src=\"https:\/\/happyhopfields.eu\/wp-content\/uploads\/2021\/09\/branza-kosmetyczna.png\" class=\"attachment-large size-large\" alt=\"\" srcset=\"https:\/\/happyhopfields.eu\/wp-content\/uploads\/2021\/09\/branza-kosmetyczna.png 113w, https:\/\/happyhopfields.eu\/wp-content\/uploads\/2021\/09\/branza-kosmetyczna-100x100.png 100w\" sizes=\"auto, (max-width: 113px) 100vw, 113px\" \/>\t\t\t\t\t\t\t\t\t\t\t\t\t\t\t<\/div>\n\t\t\t\t<\/div>\n\t\t\t\t\t<\/div>\n\t\t<\/div>\n\t\t\t\t\t\t\t<\/div>\n\t\t<\/section>\n\t\t\t\t<section class=\"elementor-section elementor-top-section elementor-element elementor-element-071705b elementor-section-boxed elementor-section-height-default elementor-section-height-default\" data-id=\"071705b\" data-element_type=\"section\">\n\t\t\t\t\t\t<div class=\"elementor-container elementor-column-gap-default\">\n\t\t\t\t\t<div class=\"elementor-column elementor-col-50 elementor-top-column elementor-element elementor-element-0f6e634\" data-id=\"0f6e634\" data-element_type=\"column\">\n\t\t\t<div class=\"elementor-widget-wrap elementor-element-populated\">\n\t\t\t\t\t\t\t\t<div class=\"elementor-element elementor-element-7672751 elementor-widget elementor-widget-text-editor\" data-id=\"7672751\" data-element_type=\"widget\" data-widget_type=\"text-editor.default\">\n\t\t\t\t<div class=\"elementor-widget-container\">\n\t\t\t\t\t\t\t<p><span style=\"font-family: Rubik, sans-serif; font-size: 14px; font-style: normal; font-variant-ligatures: normal; font-variant-caps: normal; font-weight: 400; white-space: pre-wrap;\">Wir bieten Ihnen die <strong>Hopfenzapfen von h\u00f6chster Qualit\u00e4t<\/strong>, die auf unseren eigenen auf den neuesten Technologien der Branche basierenden Plantagen angebaut werden. <\/span><\/p><p class=\"p1\"><span class=\"s1\">Das <b>GLOBAL G. A. P<\/b>. -Zertifikat und <b>die Integrierte Produktion<\/b> garantieren die Reinheit und <b>hohe Qualit\u00e4t des Rohstoffs<\/b> und gew\u00e4hrleisten <b>die Sicherheit f\u00fcr Mensch, Boden und Umwelt.<\/b> Unser Hopfen ist v\u00f6llig frei von krebserregendem Kreosot.<\/span><\/p><p><span style=\"font-family: Rubik, sans-serif; font-size: 14px; font-style: normal; font-variant-ligatures: normal; font-variant-caps: normal; font-weight: 400; white-space: pre-wrap;\">Wir bieten unseren Partnern individuelle Bedingungen der Zusammenarbeit an: <\/span><\/p><p><span style=\"font-family: Rubik, sans-serif; font-size: 14px; font-style: normal; font-variant-ligatures: normal; font-variant-caps: normal; font-weight: 400; white-space: pre-wrap;\">&#8211; Produktverpackung und -aufmachung nach dem Bedarf der Lieferung nach einem vereinbarten Zeitplan, <br \/><\/span><span style=\"font-family: Rubik, sans-serif; font-size: 14px; font-style: normal; font-variant-ligatures: normal; font-variant-caps: normal; font-weight: 400; white-space: pre-wrap;\">&#8211; M\u00f6glichkeit des Vertragsabschlusses f\u00fcr andere Hopfensorten, <br \/><\/span><span style=\"font-family: Rubik, sans-serif; font-size: 14px; font-style: normal; font-variant-ligatures: normal; font-variant-caps: normal; font-weight: 400; white-space: pre-wrap;\">&#8211; Hopfen in verschiedenen Formen: -Hopfenzapfen, <br \/>&#8211; gepresste Hopfenzapfen (Presshopfen), <br \/><\/span><span style=\"font-family: Rubik, sans-serif; font-size: 14px; font-style: normal; font-variant-ligatures: normal; font-variant-caps: normal; font-weight: 400; white-space: pre-wrap;\">&#8211; Extrakt, <br \/><\/span><span style=\"font-family: Rubik, sans-serif; font-size: 14px; font-style: normal; font-variant-ligatures: normal; font-variant-caps: normal; font-weight: 400; white-space: pre-wrap;\">&#8211; Hopfen\u00f6l.<\/span><\/p>\t\t\t\t\t\t<\/div>\n\t\t\t\t<\/div>\n\t\t\t\t\t<\/div>\n\t\t<\/div>\n\t\t\t\t<div class=\"elementor-column elementor-col-50 elementor-top-column elementor-element elementor-element-ac1b154\" data-id=\"ac1b154\" data-element_type=\"column\">\n\t\t\t<div class=\"elementor-widget-wrap elementor-element-populated\">\n\t\t\t\t\t\t\t\t<div class=\"elementor-element elementor-element-d4a0a5e elementor-widget elementor-widget-image\" data-id=\"d4a0a5e\" data-element_type=\"widget\" data-widget_type=\"image.default\">\n\t\t\t\t<div class=\"elementor-widget-container\">\n\t\t\t\t\t\t\t\t\t\t\t\t\t\t\t<img loading=\"lazy\" decoding=\"async\" width=\"2048\" height=\"1366\" src=\"https:\/\/happyhopfields.eu\/wp-content\/uploads\/2021\/09\/iStock-1031986546-2048x1366.jpg\" class=\"attachment-2048x2048 size-2048x2048\" alt=\"\" srcset=\"https:\/\/happyhopfields.eu\/wp-content\/uploads\/2021\/09\/iStock-1031986546-2048x1366.jpg 2048w, https:\/\/happyhopfields.eu\/wp-content\/uploads\/2021\/09\/iStock-1031986546-300x200.jpg 300w, https:\/\/happyhopfields.eu\/wp-content\/uploads\/2021\/09\/iStock-1031986546-1024x683.jpg 1024w, https:\/\/happyhopfields.eu\/wp-content\/uploads\/2021\/09\/iStock-1031986546-768x512.jpg 768w, https:\/\/happyhopfields.eu\/wp-content\/uploads\/2021\/09\/iStock-1031986546-1536x1024.jpg 1536w, https:\/\/happyhopfields.eu\/wp-content\/uploads\/2021\/09\/iStock-1031986546-1200x800.jpg 1200w\" sizes=\"auto, (max-width: 2048px) 100vw, 2048px\" \/>\t\t\t\t\t\t\t\t\t\t\t\t\t\t\t<\/div>\n\t\t\t\t<\/div>\n\t\t\t\t\t<\/div>\n\t\t<\/div>\n\t\t\t\t\t\t\t<\/div>\n\t\t<\/section>\n\t\t\t\t<section class=\"elementor-section elementor-top-section elementor-element elementor-element-507ecf2b elementor-section-content-middle elementor-section-stretched elementor-section-boxed elementor-section-height-default elementor-section-height-default\" data-id=\"507ecf2b\" data-element_type=\"section\" data-settings=\"{&quot;stretch_section&quot;:&quot;section-stretched&quot;}\">\n\t\t\t\t\t\t<div class=\"elementor-container elementor-column-gap-no\">\n\t\t\t\t\t<div class=\"elementor-column elementor-col-100 elementor-top-column elementor-element elementor-element-5596079d\" data-id=\"5596079d\" data-element_type=\"column\">\n\t\t\t<div class=\"elementor-widget-wrap elementor-element-populated\">\n\t\t\t\t\t\t\t\t<section class=\"elementor-section elementor-inner-section elementor-element elementor-element-3d9c3bb8 elementor-section-boxed elementor-section-height-default elementor-section-height-default\" data-id=\"3d9c3bb8\" data-element_type=\"section\">\n\t\t\t\t\t\t<div class=\"elementor-container elementor-column-gap-default\">\n\t\t\t\t\t<div class=\"elementor-column elementor-col-100 elementor-inner-column elementor-element elementor-element-b15bffe\" data-id=\"b15bffe\" data-element_type=\"column\">\n\t\t\t<div class=\"elementor-widget-wrap\">\n\t\t\t\t\t\t\t\t\t<\/div>\n\t\t<\/div>\n\t\t\t\t\t\t\t<\/div>\n\t\t<\/section>\n\t\t\t\t<div class=\"elementor-element elementor-element-d7cf619 elementor-widget elementor-widget-heading\" data-id=\"d7cf619\" data-element_type=\"widget\" data-widget_type=\"heading.default\">\n\t\t\t\t<div class=\"elementor-widget-container\">\n\t\t\t<h2 class=\"elementor-heading-title elementor-size-default\">Sind Sie an einer Zusammenarbeit interessiert? Rufen Sie uns oder schreiben Sie uns an\n<\/h2>\t\t<\/div>\n\t\t\t\t<\/div>\n\t\t\t\t\t<\/div>\n\t\t<\/div>\n\t\t\t\t\t\t\t<\/div>\n\t\t<\/section>\n\t\t\t\t<section class=\"elementor-section elementor-top-section elementor-element elementor-element-7b50d0e elementor-section-stretched elementor-section-boxed elementor-section-height-default elementor-section-height-default\" data-id=\"7b50d0e\" data-element_type=\"section\" data-settings=\"{&quot;stretch_section&quot;:&quot;section-stretched&quot;}\">\n\t\t\t\t\t\t<div class=\"elementor-container elementor-column-gap-default\">\n\t\t\t\t\t<div class=\"elementor-column elementor-col-100 elementor-top-column elementor-element elementor-element-e398108\" data-id=\"e398108\" data-element_type=\"column\">\n\t\t\t<div class=\"elementor-widget-wrap elementor-element-populated\">\n\t\t\t\t\t\t\t\t<div class=\"elementor-element elementor-element-74b8ffd elementor-align-center elementor-invisible elementor-widget elementor-widget-button\" data-id=\"74b8ffd\" data-element_type=\"widget\" data-settings=\"{&quot;_animation&quot;:&quot;bounceIn&quot;}\" data-widget_type=\"button.default\">\n\t\t\t\t<div class=\"elementor-widget-container\">\n\t\t\t\t\t<div class=\"elementor-button-wrapper\">\n\t\t\t<a href=\"tel:+48603285534\" class=\"elementor-button-link elementor-button elementor-size-sm\" role=\"button\">\n\t\t\t\t\t\t<span class=\"elementor-button-content-wrapper\">\n\t\t\t\t\t\t\t<span class=\"elementor-button-icon elementor-align-icon-left\">\n\t\t\t\t<i aria-hidden=\"true\" class=\"fas fa-phone-alt\"><\/i>\t\t\t<\/span>\n\t\t\t\t\t\t<span class=\"elementor-button-text\">Kontaktiere uns<\/span>\n\t\t<\/span>\n\t\t\t\t\t<\/a>\n\t\t<\/div>\n\t\t\t\t<\/div>\n\t\t\t\t<\/div>\n\t\t\t\t\t<\/div>\n\t\t<\/div>\n\t\t\t\t\t\t\t<\/div>\n\t\t<\/section>\n\t\t\t\t<section class=\"elementor-section elementor-top-section elementor-element elementor-element-9737362 elementor-section-full_width elementor-section-height-default elementor-section-height-default\" data-id=\"9737362\" data-element_type=\"section\">\n\t\t\t\t\t\t<div class=\"elementor-container elementor-column-gap-default\">\n\t\t\t\t\t<div class=\"elementor-column elementor-col-100 elementor-top-column elementor-element elementor-element-6d239d0\" data-id=\"6d239d0\" data-element_type=\"column\">\n\t\t\t<div class=\"elementor-widget-wrap\">\n\t\t\t\t\t\t\t\t\t<\/div>\n\t\t<\/div>\n\t\t\t\t\t\t\t<\/div>\n\t\t<\/section>\n\t\t\t\t\t\t\t<\/div>\n\t\t","protected":false},"excerpt":{"rendered":"<p>SCH\u00d6N, SIE ZU SEHEN! WIR FREUEN UNS, DAS GL\u00dcCK UNSERES HOPFENS MIT IHNEN TEILEN ZU K\u00d6NNEN Wir laden Firmen und<\/p>\n","protected":false},"author":3,"featured_media":0,"parent":0,"menu_order":0,"comment_status":"closed","ping_status":"closed","template":"","meta":{"footnotes":""},"class_list":["post-33896","page","type-page","status-publish","hentry"],"yoast_head":"<!-- This site is optimized with the Yoast SEO plugin v19.9 - https:\/\/yoast.com\/wordpress\/plugins\/seo\/ -->\n<title>ZUSAMMENARBEIT - Happy Hopfields<\/title>\n<meta name=\"robots\" content=\"index, follow, max-snippet:-1, max-image-preview:large, max-video-preview:-1\" \/>\n<link rel=\"canonical\" href=\"https:\/\/happyhopfields.eu\/de\/zusammenarbeit\/\" \/>\n<meta property=\"og:locale\" content=\"de_DE\" \/>\n<meta property=\"og:type\" content=\"article\" \/>\n<meta property=\"og:title\" content=\"ZUSAMMENARBEIT - Happy Hopfields\" \/>\n<meta property=\"og:description\" content=\"SCH\u00d6N, SIE ZU SEHEN! WIR FREUEN UNS, DAS GL\u00dcCK UNSERES HOPFENS MIT IHNEN TEILEN ZU K\u00d6NNEN Wir laden Firmen und\" \/>\n<meta property=\"og:url\" content=\"https:\/\/happyhopfields.eu\/de\/zusammenarbeit\/\" \/>\n<meta property=\"og:site_name\" content=\"Happy Hopfields\" \/>\n<meta property=\"article:modified_time\" content=\"2021-10-20T09:03:48+00:00\" \/>\n<meta property=\"og:image\" content=\"https:\/\/happyhopfields.eu\/wp-content\/uploads\/2021\/09\/branza-kulinarna.png\" \/>\n<meta name=\"twitter:card\" content=\"summary_large_image\" \/>\n<meta name=\"twitter:label1\" content=\"Gesch\u00e4tzte Lesezeit\" \/>\n\t<meta name=\"twitter:data1\" content=\"2\u00a0Minuten\" \/>\n<script type=\"application\/ld+json\" class=\"yoast-schema-graph\">{\"@context\":\"https:\/\/schema.org\",\"@graph\":[{\"@type\":\"WebPage\",\"@id\":\"https:\/\/happyhopfields.eu\/de\/zusammenarbeit\/\",\"url\":\"https:\/\/happyhopfields.eu\/de\/zusammenarbeit\/\",\"name\":\"ZUSAMMENARBEIT - Happy Hopfields\",\"isPartOf\":{\"@id\":\"https:\/\/happyhopfields.eu\/de\/#website\"},\"datePublished\":\"2021-09-23T10:50:56+00:00\",\"dateModified\":\"2021-10-20T09:03:48+00:00\",\"breadcrumb\":{\"@id\":\"https:\/\/happyhopfields.eu\/de\/zusammenarbeit\/#breadcrumb\"},\"inLanguage\":\"de\",\"potentialAction\":[{\"@type\":\"ReadAction\",\"target\":[\"https:\/\/happyhopfields.eu\/de\/zusammenarbeit\/\"]}]},{\"@type\":\"BreadcrumbList\",\"@id\":\"https:\/\/happyhopfields.eu\/de\/zusammenarbeit\/#breadcrumb\",\"itemListElement\":[{\"@type\":\"ListItem\",\"position\":1,\"name\":\"Strona g\u0142\u00f3wna\",\"item\":\"https:\/\/happyhopfields.eu\/de\/\"},{\"@type\":\"ListItem\",\"position\":2,\"name\":\"ZUSAMMENARBEIT\"}]},{\"@type\":\"WebSite\",\"@id\":\"https:\/\/happyhopfields.eu\/de\/#website\",\"url\":\"https:\/\/happyhopfields.eu\/de\/\",\"name\":\"Happy Hopfields\",\"description\":\"Moc natury z chmielu\",\"publisher\":{\"@id\":\"https:\/\/happyhopfields.eu\/de\/#organization\"},\"potentialAction\":[{\"@type\":\"SearchAction\",\"target\":{\"@type\":\"EntryPoint\",\"urlTemplate\":\"https:\/\/happyhopfields.eu\/de\/?s={search_term_string}\"},\"query-input\":\"required name=search_term_string\"}],\"inLanguage\":\"de\"},{\"@type\":\"Organization\",\"@id\":\"https:\/\/happyhopfields.eu\/de\/#organization\",\"name\":\"Happyhopfields\",\"url\":\"https:\/\/happyhopfields.eu\/de\/\",\"logo\":{\"@type\":\"ImageObject\",\"inLanguage\":\"de\",\"@id\":\"https:\/\/happyhopfields.eu\/de\/#\/schema\/logo\/image\/\",\"url\":\"https:\/\/happyhopfields.eu\/wp-content\/uploads\/2021\/09\/logo-podpis-small-grey.png\",\"contentUrl\":\"https:\/\/happyhopfields.eu\/wp-content\/uploads\/2021\/09\/logo-podpis-small-grey.png\",\"width\":400,\"height\":128,\"caption\":\"Happyhopfields\"},\"image\":{\"@id\":\"https:\/\/happyhopfields.eu\/de\/#\/schema\/logo\/image\/\"}}]}<\/script>\n<!-- \/ Yoast SEO plugin. -->","yoast_head_json":{"title":"ZUSAMMENARBEIT - Happy Hopfields","robots":{"index":"index","follow":"follow","max-snippet":"max-snippet:-1","max-image-preview":"max-image-preview:large","max-video-preview":"max-video-preview:-1"},"canonical":"https:\/\/happyhopfields.eu\/de\/zusammenarbeit\/","og_locale":"de_DE","og_type":"article","og_title":"ZUSAMMENARBEIT - Happy Hopfields","og_description":"SCH\u00d6N, SIE ZU SEHEN! WIR FREUEN UNS, DAS GL\u00dcCK UNSERES HOPFENS MIT IHNEN TEILEN ZU K\u00d6NNEN Wir laden Firmen und","og_url":"https:\/\/happyhopfields.eu\/de\/zusammenarbeit\/","og_site_name":"Happy Hopfields","article_modified_time":"2021-10-20T09:03:48+00:00","og_image":[{"url":"https:\/\/happyhopfields.eu\/wp-content\/uploads\/2021\/09\/branza-kulinarna.png"}],"twitter_card":"summary_large_image","twitter_misc":{"Gesch\u00e4tzte Lesezeit":"2\u00a0Minuten"},"schema":{"@context":"https:\/\/schema.org","@graph":[{"@type":"WebPage","@id":"https:\/\/happyhopfields.eu\/de\/zusammenarbeit\/","url":"https:\/\/happyhopfields.eu\/de\/zusammenarbeit\/","name":"ZUSAMMENARBEIT - Happy Hopfields","isPartOf":{"@id":"https:\/\/happyhopfields.eu\/de\/#website"},"datePublished":"2021-09-23T10:50:56+00:00","dateModified":"2021-10-20T09:03:48+00:00","breadcrumb":{"@id":"https:\/\/happyhopfields.eu\/de\/zusammenarbeit\/#breadcrumb"},"inLanguage":"de","potentialAction":[{"@type":"ReadAction","target":["https:\/\/happyhopfields.eu\/de\/zusammenarbeit\/"]}]},{"@type":"BreadcrumbList","@id":"https:\/\/happyhopfields.eu\/de\/zusammenarbeit\/#breadcrumb","itemListElement":[{"@type":"ListItem","position":1,"name":"Strona g\u0142\u00f3wna","item":"https:\/\/happyhopfields.eu\/de\/"},{"@type":"ListItem","position":2,"name":"ZUSAMMENARBEIT"}]},{"@type":"WebSite","@id":"https:\/\/happyhopfields.eu\/de\/#website","url":"https:\/\/happyhopfields.eu\/de\/","name":"Happy Hopfields","description":"Moc natury z chmielu","publisher":{"@id":"https:\/\/happyhopfields.eu\/de\/#organization"},"potentialAction":[{"@type":"SearchAction","target":{"@type":"EntryPoint","urlTemplate":"https:\/\/happyhopfields.eu\/de\/?s={search_term_string}"},"query-input":"required name=search_term_string"}],"inLanguage":"de"},{"@type":"Organization","@id":"https:\/\/happyhopfields.eu\/de\/#organization","name":"Happyhopfields","url":"https:\/\/happyhopfields.eu\/de\/","logo":{"@type":"ImageObject","inLanguage":"de","@id":"https:\/\/happyhopfields.eu\/de\/#\/schema\/logo\/image\/","url":"https:\/\/happyhopfields.eu\/wp-content\/uploads\/2021\/09\/logo-podpis-small-grey.png","contentUrl":"https:\/\/happyhopfields.eu\/wp-content\/uploads\/2021\/09\/logo-podpis-small-grey.png","width":400,"height":128,"caption":"Happyhopfields"},"image":{"@id":"https:\/\/happyhopfields.eu\/de\/#\/schema\/logo\/image\/"}}]}},"_links":{"self":[{"href":"https:\/\/happyhopfields.eu\/de\/wp-json\/wp\/v2\/pages\/33896","targetHints":{"allow":["GET"]}}],"collection":[{"href":"https:\/\/happyhopfields.eu\/de\/wp-json\/wp\/v2\/pages"}],"about":[{"href":"https:\/\/happyhopfields.eu\/de\/wp-json\/wp\/v2\/types\/page"}],"author":[{"embeddable":true,"href":"https:\/\/happyhopfields.eu\/de\/wp-json\/wp\/v2\/users\/3"}],"replies":[{"embeddable":true,"href":"https:\/\/happyhopfields.eu\/de\/wp-json\/wp\/v2\/comments?post=33896"}],"version-history":[{"count":15,"href":"https:\/\/happyhopfields.eu\/de\/wp-json\/wp\/v2\/pages\/33896\/revisions"}],"predecessor-version":[{"id":34417,"href":"https:\/\/happyhopfields.eu\/de\/wp-json\/wp\/v2\/pages\/33896\/revisions\/34417"}],"wp:attachment":[{"href":"https:\/\/happyhopfields.eu\/de\/wp-json\/wp\/v2\/media?parent=33896"}],"curies":[{"name":"wp","href":"https:\/\/api.w.org\/{rel}","templated":true}]}}