{"id":34313,"date":"2021-09-01T13:33:40","date_gmt":"2021-09-01T11:33:40","guid":{"rendered":"https:\/\/happyhopfields.eu\/platnosc-i-dostawa\/"},"modified":"2021-10-18T12:50:50","modified_gmt":"2021-10-18T10:50:50","slug":"zahlungs-und-lieferbedingungen","status":"publish","type":"page","link":"https:\/\/happyhopfields.eu\/de\/zahlungs-und-lieferbedingungen\/","title":{"rendered":"Zahlungs und Lieferbedingungen"},"content":{"rendered":"<p class=\"p1\"><strong><span class=\"s1\">ZAHLUNG UND LIEFERKOSTEN<\/span><\/strong><\/p>\n<p class=\"p1\"><span class=\"s1\">Die Zahlung f\u00fcr das bestellte Produkt kann \u00fcber das elektronische Zahlungssystem <a href=\"https:\/\/www.paynow.pl\/\"><span class=\"s2\">https:\/\/paynow.pl<\/span><\/a> oder eine herk\u00f6mmliche Bank\u00fcberweisung erfolgen.<\/span><\/p>\n<p class=\"p1\"><span class=\"s1\">Wenn eine Bestellung nicht innerhalb von 3 Tagen nach ihrer Aufgabe bezahlt wird, wird sie storniert.<\/span><\/p>\n<p class=\"p1\"><span class=\"s1\">Die Lieferung erfolgt auf eine vom Kunden aus den vom Verk\u00e4ufer angebotenen Optionen gew\u00e4hlte Art und Weise, die f\u00fcr verschiedene Produktkategorien unterschiedlich sein k\u00f6nnen. F\u00fcr ausgew\u00e4hlte Produkte kann nur eine m\u00f6gliche Lieferform angegeben werden. <\/span><\/p>\n<p class=\"p1\"><strong><span class=\"s1\">Aktuelle Lieferpreisliste:<\/span><\/strong><\/p>\n<p class=\"p1\"><span class=\"s1\">Die Kosten der Lieferung sind von dem Kunden zu tragen.<span class=\"Apple-converted-space\">\u00a0 <\/span>Diese Kosten werden auf der Grundlage der Lieferpreise der angegebenen Produkte berechnet und zum Bestellbetrag hinzugerechnet.<\/span><\/p>\n<p class=\"p1\"><strong><span class=\"s1\">LIEFERUNG DES PRODUKTS<\/span><\/strong><\/p>\n<p class=\"p1\"><span class=\"s1\">Das bestellte Produkt wird an die vom Kunden bei der Bestellung angegebene Adresse geliefert.<\/span><\/p>\n<p class=\"p1\"><span class=\"s1\">Im Falle von mindestens zwei Nichtabholungen der Bestellung durch den Kunden, innerhalb von 14 Tagen ab dem Datum der Lieferung an die in der Bestellung angegebene Adresse, oder im Falle von mindestens zwei Nichtabholungen einer per Kurier versendeten Bestellung wird das Shop versuchen, die vom Kunden angegebene Telefonnummer zu kontaktieren, um das Problem mit der Lieferung des Bestellungsgegenstandes zu l\u00f6sen.<\/span><\/p>\n<p class=\"p1\"><span class=\"s1\">Im Falle weiterer Uneinigkeiten ist der Shop berechtigt, die Bestellung zu stornieren.<span class=\"Apple-converted-space\">\u00a0 <\/span>In einem solchen Fall erstattet der Shop, wenn der Kunde die Bestellung bezahlt hat, den vom Kunden gezahlten Betrag, abz\u00fcglich der Kosten, die dem Shop im Zusammenhang mit den erfolglosen Lieferungen entstanden sind. Um die aufgegebene Bestellung zu best\u00e4tigen, kann der Kundendienst den Kunden unter der von ihm angegebenen Telefonnummer im Falle von Zweifeln oder eventuellen pl\u00f6tzlichen Engp\u00e4ssen im Sortiment kontaktieren. <\/span><\/p>\n<p class=\"p1\"><span class=\"s1\">Ist ein Produkt nicht mehr vorr\u00e4tig oder nicht mehr lieferbar, wird der Kunde vom Kundendienst des Shops per E-Mail oder telefonisch informiert.<span class=\"Apple-converted-space\">\u00a0 <\/span>In diesem Fall wird dem Kunden Folgendes angeboten; Stornierung der gesamten Bestellung (bei dieser Option wird der Kunde von der Verpflichtung zur Ausf\u00fchrung der Bestellung befreit), Stornierung des Teils der Bestellung, bei dem die Ausf\u00fchrung innerhalb der angegebenen Frist m\u00f6glich ist (wenn der Kunde diese Option w\u00e4hlt, wird die Bestellung teilweise ausgef\u00fchrt, und der Shop wird von der Verpflichtung zur Ausf\u00fchrung des restlichen Teils der Bestellung befreit).<\/span><\/p>\n","protected":false},"excerpt":{"rendered":"<p>ZAHLUNG UND LIEFERKOSTEN Die Zahlung f\u00fcr das bestellte Produkt kann \u00fcber das elektronische Zahlungssystem https:\/\/paynow.pl oder eine herk\u00f6mmliche Bank\u00fcberweisung erfolgen.<\/p>\n","protected":false},"author":3,"featured_media":0,"parent":0,"menu_order":0,"comment_status":"closed","ping_status":"closed","template":"","meta":{"footnotes":""},"class_list":["post-34313","page","type-page","status-publish","hentry"],"yoast_head":"<!-- This site is optimized with the Yoast SEO plugin v19.9 - https:\/\/yoast.com\/wordpress\/plugins\/seo\/ -->\n<title>Zahlungs und Lieferbedingungen - Happy Hopfields<\/title>\n<meta name=\"robots\" content=\"index, follow, max-snippet:-1, max-image-preview:large, max-video-preview:-1\" \/>\n<link rel=\"canonical\" href=\"https:\/\/happyhopfields.eu\/de\/zahlungs-und-lieferbedingungen\/\" \/>\n<meta property=\"og:locale\" content=\"de_DE\" \/>\n<meta property=\"og:type\" content=\"article\" \/>\n<meta property=\"og:title\" content=\"Zahlungs und Lieferbedingungen - Happy Hopfields\" \/>\n<meta property=\"og:description\" content=\"ZAHLUNG UND LIEFERKOSTEN Die Zahlung f\u00fcr das bestellte Produkt kann \u00fcber das elektronische Zahlungssystem https:\/\/paynow.pl oder eine herk\u00f6mmliche Bank\u00fcberweisung erfolgen.\" \/>\n<meta property=\"og:url\" content=\"https:\/\/happyhopfields.eu\/de\/zahlungs-und-lieferbedingungen\/\" \/>\n<meta property=\"og:site_name\" content=\"Happy Hopfields\" \/>\n<meta property=\"article:modified_time\" content=\"2021-10-18T10:50:50+00:00\" \/>\n<meta name=\"twitter:card\" content=\"summary_large_image\" \/>\n<meta name=\"twitter:label1\" content=\"Gesch\u00e4tzte Lesezeit\" \/>\n\t<meta name=\"twitter:data1\" content=\"2\u00a0Minuten\" \/>\n<script type=\"application\/ld+json\" class=\"yoast-schema-graph\">{\"@context\":\"https:\/\/schema.org\",\"@graph\":[{\"@type\":\"WebPage\",\"@id\":\"https:\/\/happyhopfields.eu\/de\/zahlungs-und-lieferbedingungen\/\",\"url\":\"https:\/\/happyhopfields.eu\/de\/zahlungs-und-lieferbedingungen\/\",\"name\":\"Zahlungs und Lieferbedingungen - Happy Hopfields\",\"isPartOf\":{\"@id\":\"https:\/\/happyhopfields.eu\/de\/#website\"},\"datePublished\":\"2021-09-01T11:33:40+00:00\",\"dateModified\":\"2021-10-18T10:50:50+00:00\",\"breadcrumb\":{\"@id\":\"https:\/\/happyhopfields.eu\/de\/zahlungs-und-lieferbedingungen\/#breadcrumb\"},\"inLanguage\":\"de\",\"potentialAction\":[{\"@type\":\"ReadAction\",\"target\":[\"https:\/\/happyhopfields.eu\/de\/zahlungs-und-lieferbedingungen\/\"]}]},{\"@type\":\"BreadcrumbList\",\"@id\":\"https:\/\/happyhopfields.eu\/de\/zahlungs-und-lieferbedingungen\/#breadcrumb\",\"itemListElement\":[{\"@type\":\"ListItem\",\"position\":1,\"name\":\"Strona g\u0142\u00f3wna\",\"item\":\"https:\/\/happyhopfields.eu\/de\/\"},{\"@type\":\"ListItem\",\"position\":2,\"name\":\"Zahlungs und Lieferbedingungen\"}]},{\"@type\":\"WebSite\",\"@id\":\"https:\/\/happyhopfields.eu\/de\/#website\",\"url\":\"https:\/\/happyhopfields.eu\/de\/\",\"name\":\"Happy Hopfields\",\"description\":\"Moc natury z chmielu\",\"publisher\":{\"@id\":\"https:\/\/happyhopfields.eu\/de\/#organization\"},\"potentialAction\":[{\"@type\":\"SearchAction\",\"target\":{\"@type\":\"EntryPoint\",\"urlTemplate\":\"https:\/\/happyhopfields.eu\/de\/?s={search_term_string}\"},\"query-input\":\"required name=search_term_string\"}],\"inLanguage\":\"de\"},{\"@type\":\"Organization\",\"@id\":\"https:\/\/happyhopfields.eu\/de\/#organization\",\"name\":\"Happyhopfields\",\"url\":\"https:\/\/happyhopfields.eu\/de\/\",\"logo\":{\"@type\":\"ImageObject\",\"inLanguage\":\"de\",\"@id\":\"https:\/\/happyhopfields.eu\/de\/#\/schema\/logo\/image\/\",\"url\":\"https:\/\/happyhopfields.eu\/wp-content\/uploads\/2021\/09\/logo-podpis-small-grey.png\",\"contentUrl\":\"https:\/\/happyhopfields.eu\/wp-content\/uploads\/2021\/09\/logo-podpis-small-grey.png\",\"width\":400,\"height\":128,\"caption\":\"Happyhopfields\"},\"image\":{\"@id\":\"https:\/\/happyhopfields.eu\/de\/#\/schema\/logo\/image\/\"}}]}<\/script>\n<!-- \/ Yoast SEO plugin. -->","yoast_head_json":{"title":"Zahlungs und Lieferbedingungen - Happy Hopfields","robots":{"index":"index","follow":"follow","max-snippet":"max-snippet:-1","max-image-preview":"max-image-preview:large","max-video-preview":"max-video-preview:-1"},"canonical":"https:\/\/happyhopfields.eu\/de\/zahlungs-und-lieferbedingungen\/","og_locale":"de_DE","og_type":"article","og_title":"Zahlungs und Lieferbedingungen - Happy Hopfields","og_description":"ZAHLUNG UND LIEFERKOSTEN Die Zahlung f\u00fcr das bestellte Produkt kann \u00fcber das elektronische Zahlungssystem https:\/\/paynow.pl oder eine herk\u00f6mmliche Bank\u00fcberweisung erfolgen.","og_url":"https:\/\/happyhopfields.eu\/de\/zahlungs-und-lieferbedingungen\/","og_site_name":"Happy Hopfields","article_modified_time":"2021-10-18T10:50:50+00:00","twitter_card":"summary_large_image","twitter_misc":{"Gesch\u00e4tzte Lesezeit":"2\u00a0Minuten"},"schema":{"@context":"https:\/\/schema.org","@graph":[{"@type":"WebPage","@id":"https:\/\/happyhopfields.eu\/de\/zahlungs-und-lieferbedingungen\/","url":"https:\/\/happyhopfields.eu\/de\/zahlungs-und-lieferbedingungen\/","name":"Zahlungs und Lieferbedingungen - Happy Hopfields","isPartOf":{"@id":"https:\/\/happyhopfields.eu\/de\/#website"},"datePublished":"2021-09-01T11:33:40+00:00","dateModified":"2021-10-18T10:50:50+00:00","breadcrumb":{"@id":"https:\/\/happyhopfields.eu\/de\/zahlungs-und-lieferbedingungen\/#breadcrumb"},"inLanguage":"de","potentialAction":[{"@type":"ReadAction","target":["https:\/\/happyhopfields.eu\/de\/zahlungs-und-lieferbedingungen\/"]}]},{"@type":"BreadcrumbList","@id":"https:\/\/happyhopfields.eu\/de\/zahlungs-und-lieferbedingungen\/#breadcrumb","itemListElement":[{"@type":"ListItem","position":1,"name":"Strona g\u0142\u00f3wna","item":"https:\/\/happyhopfields.eu\/de\/"},{"@type":"ListItem","position":2,"name":"Zahlungs und Lieferbedingungen"}]},{"@type":"WebSite","@id":"https:\/\/happyhopfields.eu\/de\/#website","url":"https:\/\/happyhopfields.eu\/de\/","name":"Happy Hopfields","description":"Moc natury z chmielu","publisher":{"@id":"https:\/\/happyhopfields.eu\/de\/#organization"},"potentialAction":[{"@type":"SearchAction","target":{"@type":"EntryPoint","urlTemplate":"https:\/\/happyhopfields.eu\/de\/?s={search_term_string}"},"query-input":"required name=search_term_string"}],"inLanguage":"de"},{"@type":"Organization","@id":"https:\/\/happyhopfields.eu\/de\/#organization","name":"Happyhopfields","url":"https:\/\/happyhopfields.eu\/de\/","logo":{"@type":"ImageObject","inLanguage":"de","@id":"https:\/\/happyhopfields.eu\/de\/#\/schema\/logo\/image\/","url":"https:\/\/happyhopfields.eu\/wp-content\/uploads\/2021\/09\/logo-podpis-small-grey.png","contentUrl":"https:\/\/happyhopfields.eu\/wp-content\/uploads\/2021\/09\/logo-podpis-small-grey.png","width":400,"height":128,"caption":"Happyhopfields"},"image":{"@id":"https:\/\/happyhopfields.eu\/de\/#\/schema\/logo\/image\/"}}]}},"_links":{"self":[{"href":"https:\/\/happyhopfields.eu\/de\/wp-json\/wp\/v2\/pages\/34313","targetHints":{"allow":["GET"]}}],"collection":[{"href":"https:\/\/happyhopfields.eu\/de\/wp-json\/wp\/v2\/pages"}],"about":[{"href":"https:\/\/happyhopfields.eu\/de\/wp-json\/wp\/v2\/types\/page"}],"author":[{"embeddable":true,"href":"https:\/\/happyhopfields.eu\/de\/wp-json\/wp\/v2\/users\/3"}],"replies":[{"embeddable":true,"href":"https:\/\/happyhopfields.eu\/de\/wp-json\/wp\/v2\/comments?post=34313"}],"version-history":[{"count":3,"href":"https:\/\/happyhopfields.eu\/de\/wp-json\/wp\/v2\/pages\/34313\/revisions"}],"predecessor-version":[{"id":34382,"href":"https:\/\/happyhopfields.eu\/de\/wp-json\/wp\/v2\/pages\/34313\/revisions\/34382"}],"wp:attachment":[{"href":"https:\/\/happyhopfields.eu\/de\/wp-json\/wp\/v2\/media?parent=34313"}],"curies":[{"name":"wp","href":"https:\/\/api.w.org\/{rel}","templated":true}]}}