{"id":34318,"date":"2021-09-01T13:35:15","date_gmt":"2021-09-01T11:35:15","guid":{"rendered":"https:\/\/happyhopfields.eu\/zwroty\/"},"modified":"2021-10-19T08:01:08","modified_gmt":"2021-10-19T06:01:08","slug":"kehrt-zuruck","status":"publish","type":"page","link":"https:\/\/happyhopfields.eu\/de\/kehrt-zuruck\/","title":{"rendered":"Kehrt zur\u00fcck"},"content":{"rendered":"<p class=\"p1\"><span class=\"s1\">Sehr geehrter Kunde, <\/span><\/p>\n<p class=\"p1\"><span class=\"s1\">Wir setzen alles daran, dass die von uns angebotenen Produkte und Dienstleistungen den Erwartungen unserer Kunden entsprechen, die sehr hohe Anforderungen stellen.<\/span><\/p>\n<p class=\"p1\"><span class=\"s1\">Wir m\u00f6chten, dass alle unsere Kunden in vollem Umfang zufrieden sind, daher wenn die gekaufte Ware nicht Ihren Erwartungen entspricht, k\u00f6nnen Sie diese zur\u00fcckgeben.<span class=\"Apple-converted-space\">\u00a0 <\/span>Es ist nicht erforderlich, den Grund f\u00fcr die R\u00fccksendung anzugeben, wir werden Ihnen jedoch dankbar, wenn Sie dies tun. Ihre Angaben erm\u00f6glichen es uns, unser Angebot zu verbessern und unseren Shop effizienter zu gestalten.<span class=\"Apple-converted-space\">\u00a0 <\/span>Wir ver\u00e4ndern uns f\u00fcr Sie!<\/span><\/p>\n<p class=\"p1\"><strong><span class=\"s1\">Wie mache ich eine R\u00fcckgabe?<\/span><\/strong><\/p>\n<p class=\"p1\"><span class=\"s1\">Der Kunde sendet das erhaltene Produkt in unversehrtem Zustand, ohne Gebrauchsspuren, mit den Originaletiketten des Herstellers, unverz\u00fcglich und sp\u00e4testens jedoch innerhalb von 14 Tagen ab dem Tag der Abgabe der R\u00fccktrittserkl\u00e4rung vom Kaufvertrag bzw. dem Tag des Eingangs der Sendung zur\u00fcck.<\/span><\/p>\n<p class=\"p2\"><span class=\"s2\">Das R\u00fcckgabeformular finden Sie unter <a href=\"https:\/\/happyhopfields.eu\/wp-content\/uploads\/2021\/10\/Warenru\u0308cksendeformular-HHF.pdf\">https:\/\/happyhopfields.eu\/Warenru\u0308cksendeformular-HHF.pdf<\/a><\/span><\/p>\n<p class=\"p1\"><span class=\"s1\">Das ausgef\u00fcllte und unterschriebene R\u00fcckgabeformular ist zusammen mit dem zur\u00fcckgegebenen Produkt mit einem Nachweis des Kaufs (Quittung oder MwSt.-Rechnung) an die Adresse des Shops mit dem Vermerk R\u00dcCKGABE zur\u00fcckzusenden.<\/span><\/p>\n<p class=\"p1\"><span class=\"s1\">R\u00fccksendungen auf Kosten des Empf\u00e4ngers werden nicht angenommen.<span class=\"Apple-converted-space\">\u00a0 <\/span>Das Geld wird innerhalb von 14 Tagen nach Eingang des zur\u00fcckgesendeten Produkts im Shop, per Bank\u00fcberweisung auf das vom Kunden angegebene Konto oder per Postanweisung an die im R\u00fcckgabeformular angegebene Adresse zur\u00fcckerstattet.<\/span><\/p>\n<p class=\"p1\"><span class=\"s1\">Die Kosten f\u00fcr die R\u00fccksendung des Produkts an uns werden nicht erstattet.<\/span><\/p>\n<p class=\"p1\"><span class=\"s1\">Bitte senden Sie die Produkte an folgende Adresse:<\/span><\/p>\n<p class=\"p1\"><span class=\"s1\">Happy HopFields SA<br \/>\nRACIBORSKA 107<br \/>\n44-285 KORNOWAC<br \/>\nmob. +48 <\/span>603 285 534<br \/>\n<span class=\"s1\">R\u00fcckerstattung<\/span><\/p>\n<p class=\"p1\"><span class=\"s1\">Sobald die Sendung bei uns eintrifft und die oben genannten Bedingungen erf\u00fcllt, beginnen wir mit dem R\u00fcckerstattungsverfahren.<span class=\"Apple-converted-space\">\u00a0 <\/span>Das Geld wird innerhalb der gesetzlichen Frist von 14 Arbeitstagen auf Ihr Konto \u00fcberwiesen.<\/span><\/p>\n<p class=\"p1\"><strong><span class=\"s1\">Die Art der Erstattung h\u00e4ngt von der Zahlungsmethode ab:<\/span><\/strong><\/p>\n<ul class=\"ul1\">\n<li class=\"li3\"><span class=\"s4\"> bei Bestellungen, die \u00fcber die Online-Zahlungsplattform Paynow bezahlt wurden, erfolgt die Erstattung \u00fcber denselben Service direkt auf Ihr Bankkonto, <\/span><\/li>\n<li class=\"li3\"><span class=\"s4\"> bei Bestellungen, die per Nachnahme oder per herk\u00f6mmliche Bank\u00fcberweisung bezahlt wurden, m\u00fcssen Sie wiederum Ihre Kontonummer (26 Stellen) auf dem R\u00fcckgabeformular angeben, auf die wir Ihnen den entsprechenden Betrag \u00fcberweisen werden. <\/span><\/li>\n<\/ul>\n","protected":false},"excerpt":{"rendered":"<p>Sehr geehrter Kunde, Wir setzen alles daran, dass die von uns angebotenen Produkte und Dienstleistungen den Erwartungen unserer Kunden entsprechen,<\/p>\n","protected":false},"author":3,"featured_media":0,"parent":0,"menu_order":0,"comment_status":"closed","ping_status":"closed","template":"","meta":{"footnotes":""},"class_list":["post-34318","page","type-page","status-publish","hentry"],"yoast_head":"<!-- This site is optimized with the Yoast SEO plugin v19.9 - https:\/\/yoast.com\/wordpress\/plugins\/seo\/ -->\n<title>Kehrt zur\u00fcck - Happy Hopfields<\/title>\n<meta name=\"robots\" content=\"index, follow, max-snippet:-1, max-image-preview:large, max-video-preview:-1\" \/>\n<link rel=\"canonical\" href=\"https:\/\/happyhopfields.eu\/de\/kehrt-zuruck\/\" \/>\n<meta property=\"og:locale\" content=\"de_DE\" \/>\n<meta property=\"og:type\" content=\"article\" \/>\n<meta property=\"og:title\" content=\"Kehrt zur\u00fcck - Happy Hopfields\" \/>\n<meta property=\"og:description\" content=\"Sehr geehrter Kunde, Wir setzen alles daran, dass die von uns angebotenen Produkte und Dienstleistungen den Erwartungen unserer Kunden entsprechen,\" \/>\n<meta property=\"og:url\" content=\"https:\/\/happyhopfields.eu\/de\/kehrt-zuruck\/\" \/>\n<meta property=\"og:site_name\" content=\"Happy Hopfields\" \/>\n<meta property=\"article:modified_time\" content=\"2021-10-19T06:01:08+00:00\" \/>\n<meta name=\"twitter:card\" content=\"summary_large_image\" \/>\n<meta name=\"twitter:label1\" content=\"Gesch\u00e4tzte Lesezeit\" \/>\n\t<meta name=\"twitter:data1\" content=\"2\u00a0Minuten\" \/>\n<script type=\"application\/ld+json\" class=\"yoast-schema-graph\">{\"@context\":\"https:\/\/schema.org\",\"@graph\":[{\"@type\":\"WebPage\",\"@id\":\"https:\/\/happyhopfields.eu\/de\/kehrt-zuruck\/\",\"url\":\"https:\/\/happyhopfields.eu\/de\/kehrt-zuruck\/\",\"name\":\"Kehrt zur\u00fcck - Happy Hopfields\",\"isPartOf\":{\"@id\":\"https:\/\/happyhopfields.eu\/de\/#website\"},\"datePublished\":\"2021-09-01T11:35:15+00:00\",\"dateModified\":\"2021-10-19T06:01:08+00:00\",\"breadcrumb\":{\"@id\":\"https:\/\/happyhopfields.eu\/de\/kehrt-zuruck\/#breadcrumb\"},\"inLanguage\":\"de\",\"potentialAction\":[{\"@type\":\"ReadAction\",\"target\":[\"https:\/\/happyhopfields.eu\/de\/kehrt-zuruck\/\"]}]},{\"@type\":\"BreadcrumbList\",\"@id\":\"https:\/\/happyhopfields.eu\/de\/kehrt-zuruck\/#breadcrumb\",\"itemListElement\":[{\"@type\":\"ListItem\",\"position\":1,\"name\":\"Strona g\u0142\u00f3wna\",\"item\":\"https:\/\/happyhopfields.eu\/de\/\"},{\"@type\":\"ListItem\",\"position\":2,\"name\":\"Kehrt zur\u00fcck\"}]},{\"@type\":\"WebSite\",\"@id\":\"https:\/\/happyhopfields.eu\/de\/#website\",\"url\":\"https:\/\/happyhopfields.eu\/de\/\",\"name\":\"Happy Hopfields\",\"description\":\"Moc natury z chmielu\",\"publisher\":{\"@id\":\"https:\/\/happyhopfields.eu\/de\/#organization\"},\"potentialAction\":[{\"@type\":\"SearchAction\",\"target\":{\"@type\":\"EntryPoint\",\"urlTemplate\":\"https:\/\/happyhopfields.eu\/de\/?s={search_term_string}\"},\"query-input\":\"required name=search_term_string\"}],\"inLanguage\":\"de\"},{\"@type\":\"Organization\",\"@id\":\"https:\/\/happyhopfields.eu\/de\/#organization\",\"name\":\"Happyhopfields\",\"url\":\"https:\/\/happyhopfields.eu\/de\/\",\"logo\":{\"@type\":\"ImageObject\",\"inLanguage\":\"de\",\"@id\":\"https:\/\/happyhopfields.eu\/de\/#\/schema\/logo\/image\/\",\"url\":\"https:\/\/happyhopfields.eu\/wp-content\/uploads\/2021\/09\/logo-podpis-small-grey.png\",\"contentUrl\":\"https:\/\/happyhopfields.eu\/wp-content\/uploads\/2021\/09\/logo-podpis-small-grey.png\",\"width\":400,\"height\":128,\"caption\":\"Happyhopfields\"},\"image\":{\"@id\":\"https:\/\/happyhopfields.eu\/de\/#\/schema\/logo\/image\/\"}}]}<\/script>\n<!-- \/ Yoast SEO plugin. -->","yoast_head_json":{"title":"Kehrt zur\u00fcck - Happy Hopfields","robots":{"index":"index","follow":"follow","max-snippet":"max-snippet:-1","max-image-preview":"max-image-preview:large","max-video-preview":"max-video-preview:-1"},"canonical":"https:\/\/happyhopfields.eu\/de\/kehrt-zuruck\/","og_locale":"de_DE","og_type":"article","og_title":"Kehrt zur\u00fcck - Happy Hopfields","og_description":"Sehr geehrter Kunde, Wir setzen alles daran, dass die von uns angebotenen Produkte und Dienstleistungen den Erwartungen unserer Kunden entsprechen,","og_url":"https:\/\/happyhopfields.eu\/de\/kehrt-zuruck\/","og_site_name":"Happy Hopfields","article_modified_time":"2021-10-19T06:01:08+00:00","twitter_card":"summary_large_image","twitter_misc":{"Gesch\u00e4tzte Lesezeit":"2\u00a0Minuten"},"schema":{"@context":"https:\/\/schema.org","@graph":[{"@type":"WebPage","@id":"https:\/\/happyhopfields.eu\/de\/kehrt-zuruck\/","url":"https:\/\/happyhopfields.eu\/de\/kehrt-zuruck\/","name":"Kehrt zur\u00fcck - Happy Hopfields","isPartOf":{"@id":"https:\/\/happyhopfields.eu\/de\/#website"},"datePublished":"2021-09-01T11:35:15+00:00","dateModified":"2021-10-19T06:01:08+00:00","breadcrumb":{"@id":"https:\/\/happyhopfields.eu\/de\/kehrt-zuruck\/#breadcrumb"},"inLanguage":"de","potentialAction":[{"@type":"ReadAction","target":["https:\/\/happyhopfields.eu\/de\/kehrt-zuruck\/"]}]},{"@type":"BreadcrumbList","@id":"https:\/\/happyhopfields.eu\/de\/kehrt-zuruck\/#breadcrumb","itemListElement":[{"@type":"ListItem","position":1,"name":"Strona g\u0142\u00f3wna","item":"https:\/\/happyhopfields.eu\/de\/"},{"@type":"ListItem","position":2,"name":"Kehrt zur\u00fcck"}]},{"@type":"WebSite","@id":"https:\/\/happyhopfields.eu\/de\/#website","url":"https:\/\/happyhopfields.eu\/de\/","name":"Happy Hopfields","description":"Moc natury z chmielu","publisher":{"@id":"https:\/\/happyhopfields.eu\/de\/#organization"},"potentialAction":[{"@type":"SearchAction","target":{"@type":"EntryPoint","urlTemplate":"https:\/\/happyhopfields.eu\/de\/?s={search_term_string}"},"query-input":"required name=search_term_string"}],"inLanguage":"de"},{"@type":"Organization","@id":"https:\/\/happyhopfields.eu\/de\/#organization","name":"Happyhopfields","url":"https:\/\/happyhopfields.eu\/de\/","logo":{"@type":"ImageObject","inLanguage":"de","@id":"https:\/\/happyhopfields.eu\/de\/#\/schema\/logo\/image\/","url":"https:\/\/happyhopfields.eu\/wp-content\/uploads\/2021\/09\/logo-podpis-small-grey.png","contentUrl":"https:\/\/happyhopfields.eu\/wp-content\/uploads\/2021\/09\/logo-podpis-small-grey.png","width":400,"height":128,"caption":"Happyhopfields"},"image":{"@id":"https:\/\/happyhopfields.eu\/de\/#\/schema\/logo\/image\/"}}]}},"_links":{"self":[{"href":"https:\/\/happyhopfields.eu\/de\/wp-json\/wp\/v2\/pages\/34318","targetHints":{"allow":["GET"]}}],"collection":[{"href":"https:\/\/happyhopfields.eu\/de\/wp-json\/wp\/v2\/pages"}],"about":[{"href":"https:\/\/happyhopfields.eu\/de\/wp-json\/wp\/v2\/types\/page"}],"author":[{"embeddable":true,"href":"https:\/\/happyhopfields.eu\/de\/wp-json\/wp\/v2\/users\/3"}],"replies":[{"embeddable":true,"href":"https:\/\/happyhopfields.eu\/de\/wp-json\/wp\/v2\/comments?post=34318"}],"version-history":[{"count":4,"href":"https:\/\/happyhopfields.eu\/de\/wp-json\/wp\/v2\/pages\/34318\/revisions"}],"predecessor-version":[{"id":34390,"href":"https:\/\/happyhopfields.eu\/de\/wp-json\/wp\/v2\/pages\/34318\/revisions\/34390"}],"wp:attachment":[{"href":"https:\/\/happyhopfields.eu\/de\/wp-json\/wp\/v2\/media?parent=34318"}],"curies":[{"name":"wp","href":"https:\/\/api.w.org\/{rel}","templated":true}]}}